{"id":4009,"date":"2025-10-01T16:51:47","date_gmt":"2025-10-01T16:51:47","guid":{"rendered":"https:\/\/tasarimlangirt.com\/?post_type=product&#038;p=4009"},"modified":"2025-10-01T16:51:47","modified_gmt":"2025-10-01T16:51:47","slug":"cam-masa-tenisi-tasarim","status":"publish","type":"product","link":"https:\/\/tasarimlangirt.com\/index.php\/urun\/cam-masa-tenisi-tasarim\/","title":{"rendered":"Cam Masa Tenisi Tasarim"},"content":{"rendered":"<p>By Trio \u00e7izgisiyle kristal dizayn masa tenisi \u015fa\u015f\u0131rt\u0131c\u0131 derecede iddial\u0131 bir tasar\u0131m<br \/>\nAyd\u0131nl\u0131k ve ferah mekanlara m\u00fckemmel bir \u015fekilde uyum sa\u011flayarak, saf \u015f\u0131kl\u0131\u011f\u0131 i\u015flevsellikle birle\u015ftirerek i\u00e7 ve di\u015f mekanlar\u0131n\u0131z\u0131n \u015f\u0131kl\u0131\u011f\u0131n\u0131 tamamlamak \u00fczere tasarlanm\u0131\u015ft\u0131r<br \/>\nUltra clear camdan \u00fcretilip k\u0131r\u0131lmamas\u0131 i\u00e7in i\u015flem uygulanm\u0131\u015ft\u0131r<br \/>\nMetal k\u0131s\u0131mlar saf kromdan \u00fcretilmi\u015ftir<br \/>\nRaketler el yap\u0131m\u0131 olarak \u00fcretilmi\u015ftir<br \/>\n\u00d6l\u00e7\u00fcler: 250 x 150 x 76 cm<\/p>\n","protected":false},"excerpt":{"rendered":"<p>By Trio \u00e7izgisiyle kristal dizayn masa tenisi \u015fa\u015f\u0131rt\u0131c\u0131 derecede iddial\u0131 bir tasar\u0131m Ayd\u0131nl\u0131k ve ferah mekanlara m\u00fckemmel bir \u015fekilde uyum sa\u011flayarak, saf \u015f\u0131kl\u0131\u011f\u0131 i\u015flevsellikle birle\u015ftirerek i\u00e7 ve di\u015f mekanlar\u0131n\u0131z\u0131n \u015f\u0131kl\u0131\u011f\u0131n\u0131 tamamlamak \u00fczere tasarlanm\u0131\u015ft\u0131r Ultra clear camdan \u00fcretilip k\u0131r\u0131lmamas\u0131 i\u00e7in i\u015flem uygulanm\u0131\u015ft\u0131r Metal k\u0131s\u0131mlar saf kromdan \u00fcretilmi\u015ftir Raketler el yap\u0131m\u0131 olarak \u00fcretilmi\u015ftir \u00d6l\u00e7\u00fcler: 250 x 150 [&hellip;]<\/p>\n","protected":false},"featured_media":4015,"comment_status":"open","ping_status":"closed","template":"","meta":[],"product_brand":[],"product_cat":[52],"product_tag":[351,350,349],"class_list":{"0":"post-4009","1":"product","2":"type-product","3":"status-publish","4":"has-post-thumbnail","6":"product_cat-tasarim-masa-tenisi","7":"product_tag-glass-pinpon-table","8":"product_tag-pinpon-table-design","9":"product_tag-tasarim-masa-tenisi","11":"first","12":"instock","13":"taxable","14":"shipping-taxable","15":"purchasable","16":"product-type-simple"},"yoast_head":"<!-- This site is optimized with the Yoast SEO plugin v27.4 - https:\/\/yoast.com\/product\/yoast-seo-wordpress\/ -->\n<title>Cam Masa Tenisi Tasarim - Tasarimlangirt.com, &ouml;zel tasar\u0131m lang\u0131rt, bilardo, satran&ccedil; ve masa tenisi masalar\u0131yla l&uuml;ks oyun deneyimi sunuyor. El i\u015f&ccedil;ili\u011fi ve y&uuml;ksek kaliteyle &uuml;retilen masalar\u0131m\u0131zla ya\u015fam alanlar\u0131n\u0131z\u0131 \u015f\u0131kl\u0131kla bulu\u015fturun.<\/title>\n<meta name=\"description\" content=\"By Trio \u00e7izgisiyle kristal dizayn cam masa tenisi \u015fa\u015f\u0131rt\u0131c\u0131 derecede iddial\u0131 bir tasar\u0131mAyd\u0131nl\u0131k ve ferah mekanlara m\u00fckemmel bir \u015fekilde uyum sa\u011flayarak\" \/>\n<meta name=\"robots\" content=\"index, follow, max-snippet:-1, max-image-preview:large, max-video-preview:-1\" \/>\n<link rel=\"canonical\" href=\"https:\/\/tasarimlangirt.com\/index.php\/urun\/cam-masa-tenisi-tasarim\/\" \/>\n<meta property=\"og:locale\" content=\"tr_TR\" \/>\n<meta property=\"og:type\" content=\"article\" \/>\n<meta property=\"og:title\" content=\"Cam Masa Tenisi Tasarim - Tasarimlangirt.com, &ouml;zel tasar\u0131m lang\u0131rt, bilardo, satran&ccedil; ve masa tenisi masalar\u0131yla l&uuml;ks oyun deneyimi sunuyor. El i\u015f&ccedil;ili\u011fi ve y&uuml;ksek kaliteyle &uuml;retilen masalar\u0131m\u0131zla ya\u015fam alanlar\u0131n\u0131z\u0131 \u015f\u0131kl\u0131kla bulu\u015fturun.\" \/>\n<meta property=\"og:description\" content=\"By Trio \u00e7izgisiyle kristal dizayn cam masa tenisi \u015fa\u015f\u0131rt\u0131c\u0131 derecede iddial\u0131 bir tasar\u0131mAyd\u0131nl\u0131k ve ferah mekanlara m\u00fckemmel bir \u015fekilde uyum sa\u011flayarak\" \/>\n<meta property=\"og:url\" content=\"https:\/\/tasarimlangirt.com\/index.php\/urun\/cam-masa-tenisi-tasarim\/\" \/>\n<meta property=\"og:site_name\" content=\"Tasarimlangirt.com, &ouml;zel tasar\u0131m lang\u0131rt, bilardo, satran&ccedil; ve masa tenisi masalar\u0131yla l&uuml;ks oyun deneyimi sunuyor. El i\u015f&ccedil;ili\u011fi ve y&uuml;ksek kaliteyle &uuml;retilen masalar\u0131m\u0131zla ya\u015fam alanlar\u0131n\u0131z\u0131 \u015f\u0131kl\u0131kla bulu\u015fturun.\" \/>\n<meta property=\"article:publisher\" content=\"https:\/\/www.facebook.com\/tasarimlangirt\/?locale=tr_TR\" \/>\n<meta property=\"og:image\" content=\"https:\/\/tasarimlangirt.com\/wp-content\/uploads\/2025\/10\/cam-tenis-masasi-glass-pinpon-table-5.jpg\" \/>\n\t<meta property=\"og:image:width\" content=\"1024\" \/>\n\t<meta property=\"og:image:height\" content=\"1024\" \/>\n\t<meta property=\"og:image:type\" content=\"image\/jpeg\" \/>\n<meta name=\"twitter:card\" content=\"summary_large_image\" \/>\n<meta name=\"twitter:site\" content=\"@tasarimlangirt\" \/>\n<meta name=\"twitter:label1\" content=\"Tahmini okuma s\u00fcresi\" \/>\n\t<meta name=\"twitter:data1\" content=\"1 dakika\" \/>\n<script type=\"application\/ld+json\" class=\"yoast-schema-graph\">{\"@context\":\"https:\\\/\\\/schema.org\",\"@graph\":[{\"@type\":\"WebPage\",\"@id\":\"https:\\\/\\\/tasarimlangirt.com\\\/index.php\\\/urun\\\/cam-masa-tenisi-tasarim\\\/\",\"url\":\"https:\\\/\\\/tasarimlangirt.com\\\/index.php\\\/urun\\\/cam-masa-tenisi-tasarim\\\/\",\"name\":\"Cam Masa Tenisi Tasarim - Tasarimlangirt.com, &ouml;zel tasar\u0131m lang\u0131rt, bilardo, satran&ccedil; ve masa tenisi masalar\u0131yla l&uuml;ks oyun deneyimi sunuyor. El i\u015f&ccedil;ili\u011fi ve y&uuml;ksek kaliteyle &uuml;retilen masalar\u0131m\u0131zla ya\u015fam alanlar\u0131n\u0131z\u0131 \u015f\u0131kl\u0131kla bulu\u015fturun.\",\"isPartOf\":{\"@id\":\"https:\\\/\\\/tasarimlangirt.com\\\/#website\"},\"primaryImageOfPage\":{\"@id\":\"https:\\\/\\\/tasarimlangirt.com\\\/index.php\\\/urun\\\/cam-masa-tenisi-tasarim\\\/#primaryimage\"},\"image\":{\"@id\":\"https:\\\/\\\/tasarimlangirt.com\\\/index.php\\\/urun\\\/cam-masa-tenisi-tasarim\\\/#primaryimage\"},\"thumbnailUrl\":\"https:\\\/\\\/tasarimlangirt.com\\\/wp-content\\\/uploads\\\/2025\\\/10\\\/cam-tenis-masasi-glass-pinpon-table-5.jpg\",\"datePublished\":\"2025-10-01T16:51:47+00:00\",\"description\":\"By Trio \u00e7izgisiyle kristal dizayn cam masa tenisi \u015fa\u015f\u0131rt\u0131c\u0131 derecede iddial\u0131 bir tasar\u0131mAyd\u0131nl\u0131k ve ferah mekanlara m\u00fckemmel bir \u015fekilde uyum sa\u011flayarak\",\"breadcrumb\":{\"@id\":\"https:\\\/\\\/tasarimlangirt.com\\\/index.php\\\/urun\\\/cam-masa-tenisi-tasarim\\\/#breadcrumb\"},\"inLanguage\":\"tr\",\"potentialAction\":[{\"@type\":\"ReadAction\",\"target\":[\"https:\\\/\\\/tasarimlangirt.com\\\/index.php\\\/urun\\\/cam-masa-tenisi-tasarim\\\/\"]}]},{\"@type\":\"ImageObject\",\"inLanguage\":\"tr\",\"@id\":\"https:\\\/\\\/tasarimlangirt.com\\\/index.php\\\/urun\\\/cam-masa-tenisi-tasarim\\\/#primaryimage\",\"url\":\"https:\\\/\\\/tasarimlangirt.com\\\/wp-content\\\/uploads\\\/2025\\\/10\\\/cam-tenis-masasi-glass-pinpon-table-5.jpg\",\"contentUrl\":\"https:\\\/\\\/tasarimlangirt.com\\\/wp-content\\\/uploads\\\/2025\\\/10\\\/cam-tenis-masasi-glass-pinpon-table-5.jpg\",\"width\":1024,\"height\":1024},{\"@type\":\"BreadcrumbList\",\"@id\":\"https:\\\/\\\/tasarimlangirt.com\\\/index.php\\\/urun\\\/cam-masa-tenisi-tasarim\\\/#breadcrumb\",\"itemListElement\":[{\"@type\":\"ListItem\",\"position\":1,\"name\":\"Anasayfa\",\"item\":\"https:\\\/\\\/tasarimlangirt.com\\\/\"},{\"@type\":\"ListItem\",\"position\":2,\"name\":\"Shop\",\"item\":\"https:\\\/\\\/tasarimlangirt.com\\\/index.php\\\/shop\\\/\"},{\"@type\":\"ListItem\",\"position\":3,\"name\":\"Cam Masa Tenisi Tasarim\"}]},{\"@type\":\"WebSite\",\"@id\":\"https:\\\/\\\/tasarimlangirt.com\\\/#website\",\"url\":\"https:\\\/\\\/tasarimlangirt.com\\\/\",\"name\":\"www.tasarimlangirt.com\",\"description\":\"&ouml;zel tasar\u0131m lang\u0131rt \",\"publisher\":{\"@id\":\"https:\\\/\\\/tasarimlangirt.com\\\/#organization\"},\"potentialAction\":[{\"@type\":\"SearchAction\",\"target\":{\"@type\":\"EntryPoint\",\"urlTemplate\":\"https:\\\/\\\/tasarimlangirt.com\\\/?s={search_term_string}\"},\"query-input\":{\"@type\":\"PropertyValueSpecification\",\"valueRequired\":true,\"valueName\":\"search_term_string\"}}],\"inLanguage\":\"tr\"},{\"@type\":\"Organization\",\"@id\":\"https:\\\/\\\/tasarimlangirt.com\\\/#organization\",\"name\":\"t\",\"url\":\"https:\\\/\\\/tasarimlangirt.com\\\/\",\"logo\":{\"@type\":\"ImageObject\",\"inLanguage\":\"tr\",\"@id\":\"https:\\\/\\\/tasarimlangirt.com\\\/#\\\/schema\\\/logo\\\/image\\\/\",\"url\":\"https:\\\/\\\/tasarimlangirt.com\\\/wp-content\\\/uploads\\\/2025\\\/09\\\/ccc3a71f-dae2-4002-96e0-df7cc079e6f6.png\",\"contentUrl\":\"https:\\\/\\\/tasarimlangirt.com\\\/wp-content\\\/uploads\\\/2025\\\/09\\\/ccc3a71f-dae2-4002-96e0-df7cc079e6f6.png\",\"width\":1024,\"height\":1024,\"caption\":\"t\"},\"image\":{\"@id\":\"https:\\\/\\\/tasarimlangirt.com\\\/#\\\/schema\\\/logo\\\/image\\\/\"},\"sameAs\":[\"https:\\\/\\\/www.facebook.com\\\/tasarimlangirt\\\/?locale=tr_TR\",\"https:\\\/\\\/x.com\\\/tasarimlangirt\"]}]}<\/script>\n<!-- \/ Yoast SEO plugin. -->","yoast_head_json":{"title":"Cam Masa Tenisi Tasarim - Tasarimlangirt.com, &ouml;zel tasar\u0131m lang\u0131rt, bilardo, satran&ccedil; ve masa tenisi masalar\u0131yla l&uuml;ks oyun deneyimi sunuyor. El i\u015f&ccedil;ili\u011fi ve y&uuml;ksek kaliteyle &uuml;retilen masalar\u0131m\u0131zla ya\u015fam alanlar\u0131n\u0131z\u0131 \u015f\u0131kl\u0131kla bulu\u015fturun.","description":"By Trio \u00e7izgisiyle kristal dizayn cam masa tenisi \u015fa\u015f\u0131rt\u0131c\u0131 derecede iddial\u0131 bir tasar\u0131mAyd\u0131nl\u0131k ve ferah mekanlara m\u00fckemmel bir \u015fekilde uyum sa\u011flayarak","robots":{"index":"index","follow":"follow","max-snippet":"max-snippet:-1","max-image-preview":"max-image-preview:large","max-video-preview":"max-video-preview:-1"},"canonical":"https:\/\/tasarimlangirt.com\/index.php\/urun\/cam-masa-tenisi-tasarim\/","og_locale":"tr_TR","og_type":"article","og_title":"Cam Masa Tenisi Tasarim - Tasarimlangirt.com, &ouml;zel tasar\u0131m lang\u0131rt, bilardo, satran&ccedil; ve masa tenisi masalar\u0131yla l&uuml;ks oyun deneyimi sunuyor. El i\u015f&ccedil;ili\u011fi ve y&uuml;ksek kaliteyle &uuml;retilen masalar\u0131m\u0131zla ya\u015fam alanlar\u0131n\u0131z\u0131 \u015f\u0131kl\u0131kla bulu\u015fturun.","og_description":"By Trio \u00e7izgisiyle kristal dizayn cam masa tenisi \u015fa\u015f\u0131rt\u0131c\u0131 derecede iddial\u0131 bir tasar\u0131mAyd\u0131nl\u0131k ve ferah mekanlara m\u00fckemmel bir \u015fekilde uyum sa\u011flayarak","og_url":"https:\/\/tasarimlangirt.com\/index.php\/urun\/cam-masa-tenisi-tasarim\/","og_site_name":"Tasarimlangirt.com, &ouml;zel tasar\u0131m lang\u0131rt, bilardo, satran&ccedil; ve masa tenisi masalar\u0131yla l&uuml;ks oyun deneyimi sunuyor. El i\u015f&ccedil;ili\u011fi ve y&uuml;ksek kaliteyle &uuml;retilen masalar\u0131m\u0131zla ya\u015fam alanlar\u0131n\u0131z\u0131 \u015f\u0131kl\u0131kla bulu\u015fturun.","article_publisher":"https:\/\/www.facebook.com\/tasarimlangirt\/?locale=tr_TR","og_image":[{"width":1024,"height":1024,"url":"https:\/\/tasarimlangirt.com\/wp-content\/uploads\/2025\/10\/cam-tenis-masasi-glass-pinpon-table-5.jpg","type":"image\/jpeg"}],"twitter_card":"summary_large_image","twitter_site":"@tasarimlangirt","twitter_misc":{"Tahmini okuma s\u00fcresi":"1 dakika"},"schema":{"@context":"https:\/\/schema.org","@graph":[{"@type":"WebPage","@id":"https:\/\/tasarimlangirt.com\/index.php\/urun\/cam-masa-tenisi-tasarim\/","url":"https:\/\/tasarimlangirt.com\/index.php\/urun\/cam-masa-tenisi-tasarim\/","name":"Cam Masa Tenisi Tasarim - Tasarimlangirt.com, &ouml;zel tasar\u0131m lang\u0131rt, bilardo, satran&ccedil; ve masa tenisi masalar\u0131yla l&uuml;ks oyun deneyimi sunuyor. El i\u015f&ccedil;ili\u011fi ve y&uuml;ksek kaliteyle &uuml;retilen masalar\u0131m\u0131zla ya\u015fam alanlar\u0131n\u0131z\u0131 \u015f\u0131kl\u0131kla bulu\u015fturun.","isPartOf":{"@id":"https:\/\/tasarimlangirt.com\/#website"},"primaryImageOfPage":{"@id":"https:\/\/tasarimlangirt.com\/index.php\/urun\/cam-masa-tenisi-tasarim\/#primaryimage"},"image":{"@id":"https:\/\/tasarimlangirt.com\/index.php\/urun\/cam-masa-tenisi-tasarim\/#primaryimage"},"thumbnailUrl":"https:\/\/tasarimlangirt.com\/wp-content\/uploads\/2025\/10\/cam-tenis-masasi-glass-pinpon-table-5.jpg","datePublished":"2025-10-01T16:51:47+00:00","description":"By Trio \u00e7izgisiyle kristal dizayn cam masa tenisi \u015fa\u015f\u0131rt\u0131c\u0131 derecede iddial\u0131 bir tasar\u0131mAyd\u0131nl\u0131k ve ferah mekanlara m\u00fckemmel bir \u015fekilde uyum sa\u011flayarak","breadcrumb":{"@id":"https:\/\/tasarimlangirt.com\/index.php\/urun\/cam-masa-tenisi-tasarim\/#breadcrumb"},"inLanguage":"tr","potentialAction":[{"@type":"ReadAction","target":["https:\/\/tasarimlangirt.com\/index.php\/urun\/cam-masa-tenisi-tasarim\/"]}]},{"@type":"ImageObject","inLanguage":"tr","@id":"https:\/\/tasarimlangirt.com\/index.php\/urun\/cam-masa-tenisi-tasarim\/#primaryimage","url":"https:\/\/tasarimlangirt.com\/wp-content\/uploads\/2025\/10\/cam-tenis-masasi-glass-pinpon-table-5.jpg","contentUrl":"https:\/\/tasarimlangirt.com\/wp-content\/uploads\/2025\/10\/cam-tenis-masasi-glass-pinpon-table-5.jpg","width":1024,"height":1024},{"@type":"BreadcrumbList","@id":"https:\/\/tasarimlangirt.com\/index.php\/urun\/cam-masa-tenisi-tasarim\/#breadcrumb","itemListElement":[{"@type":"ListItem","position":1,"name":"Anasayfa","item":"https:\/\/tasarimlangirt.com\/"},{"@type":"ListItem","position":2,"name":"Shop","item":"https:\/\/tasarimlangirt.com\/index.php\/shop\/"},{"@type":"ListItem","position":3,"name":"Cam Masa Tenisi Tasarim"}]},{"@type":"WebSite","@id":"https:\/\/tasarimlangirt.com\/#website","url":"https:\/\/tasarimlangirt.com\/","name":"www.tasarimlangirt.com","description":"&ouml;zel tasar\u0131m lang\u0131rt ","publisher":{"@id":"https:\/\/tasarimlangirt.com\/#organization"},"potentialAction":[{"@type":"SearchAction","target":{"@type":"EntryPoint","urlTemplate":"https:\/\/tasarimlangirt.com\/?s={search_term_string}"},"query-input":{"@type":"PropertyValueSpecification","valueRequired":true,"valueName":"search_term_string"}}],"inLanguage":"tr"},{"@type":"Organization","@id":"https:\/\/tasarimlangirt.com\/#organization","name":"t","url":"https:\/\/tasarimlangirt.com\/","logo":{"@type":"ImageObject","inLanguage":"tr","@id":"https:\/\/tasarimlangirt.com\/#\/schema\/logo\/image\/","url":"https:\/\/tasarimlangirt.com\/wp-content\/uploads\/2025\/09\/ccc3a71f-dae2-4002-96e0-df7cc079e6f6.png","contentUrl":"https:\/\/tasarimlangirt.com\/wp-content\/uploads\/2025\/09\/ccc3a71f-dae2-4002-96e0-df7cc079e6f6.png","width":1024,"height":1024,"caption":"t"},"image":{"@id":"https:\/\/tasarimlangirt.com\/#\/schema\/logo\/image\/"},"sameAs":["https:\/\/www.facebook.com\/tasarimlangirt\/?locale=tr_TR","https:\/\/x.com\/tasarimlangirt"]}]}},"jetpack_sharing_enabled":true,"_links":{"self":[{"href":"https:\/\/tasarimlangirt.com\/index.php\/wp-json\/wp\/v2\/product\/4009","targetHints":{"allow":["GET"]}}],"collection":[{"href":"https:\/\/tasarimlangirt.com\/index.php\/wp-json\/wp\/v2\/product"}],"about":[{"href":"https:\/\/tasarimlangirt.com\/index.php\/wp-json\/wp\/v2\/types\/product"}],"replies":[{"embeddable":true,"href":"https:\/\/tasarimlangirt.com\/index.php\/wp-json\/wp\/v2\/comments?post=4009"}],"wp:featuredmedia":[{"embeddable":true,"href":"https:\/\/tasarimlangirt.com\/index.php\/wp-json\/wp\/v2\/media\/4015"}],"wp:attachment":[{"href":"https:\/\/tasarimlangirt.com\/index.php\/wp-json\/wp\/v2\/media?parent=4009"}],"wp:term":[{"taxonomy":"product_brand","embeddable":true,"href":"https:\/\/tasarimlangirt.com\/index.php\/wp-json\/wp\/v2\/product_brand?post=4009"},{"taxonomy":"product_cat","embeddable":true,"href":"https:\/\/tasarimlangirt.com\/index.php\/wp-json\/wp\/v2\/product_cat?post=4009"},{"taxonomy":"product_tag","embeddable":true,"href":"https:\/\/tasarimlangirt.com\/index.php\/wp-json\/wp\/v2\/product_tag?post=4009"}],"curies":[{"name":"wp","href":"https:\/\/api.w.org\/{rel}","templated":true}]}}