{"id":3969,"date":"2025-10-01T16:04:44","date_gmt":"2025-10-01T16:04:44","guid":{"rendered":"https:\/\/tasarimlangirt.com\/?post_type=product&#038;p=3969"},"modified":"2025-10-01T16:04:44","modified_gmt":"2025-10-01T16:04:44","slug":"tasarim-air-hockey-masasi","status":"publish","type":"product","link":"https:\/\/tasarimlangirt.com\/index.php\/urun\/tasarim-air-hockey-masasi\/","title":{"rendered":"Tasarim Air Hockey Masasi"},"content":{"rendered":"<p>M\u00fckemmel bir oyun ak\u0131\u015fkanl\u0131\u011f\u0131 sa\u011flayan g\u00fc\u00e7lendirilmi\u015f motor ve fanlar sayesinde \u00e7al\u0131\u015f\u0131r.<\/p>\n<p>Motor, diskin bir buz plakas\u0131nda oldu\u011fu gibi kaymas\u0131n\u0131 sa\u011flamak i\u00e7in oyun alan\u0131nda bir hava yast\u0131\u011f\u0131 olu\u015fturur<\/p>\n<p>Oyun alan\u0131, uygun bir hava geri ak\u0131\u015f\u0131n\u0131 garanti eden \u00fcst d\u00fczey tasar\u0131m uygulanmi\u015ftir<\/p>\n<p>\u00d6l\u00e7\u00fcler Y\u00fckseklik \u2013 85 cm Geni\u015flik \u2013 132 cm Uzunluk \u2013 230 cm Oyun alan\u0131 \u00f6l\u00e7\u00fcs\u00fc \u2013 220x120cm<\/p>\n","protected":false},"excerpt":{"rendered":"<p>M\u00fckemmel bir oyun ak\u0131\u015fkanl\u0131\u011f\u0131 sa\u011flayan g\u00fc\u00e7lendirilmi\u015f motor ve fanlar sayesinde \u00e7al\u0131\u015f\u0131r. Motor, diskin bir buz plakas\u0131nda oldu\u011fu gibi kaymas\u0131n\u0131 sa\u011flamak i\u00e7in oyun alan\u0131nda bir hava yast\u0131\u011f\u0131 olu\u015fturur Oyun alan\u0131, uygun bir hava geri ak\u0131\u015f\u0131n\u0131 garanti eden \u00fcst d\u00fczey tasar\u0131m uygulanmi\u015ftir \u00d6l\u00e7\u00fcler Y\u00fckseklik \u2013 85 cm Geni\u015flik \u2013 132 cm Uzunluk \u2013 230 cm Oyun alan\u0131 [&hellip;]<\/p>\n","protected":false},"featured_media":3972,"comment_status":"open","ping_status":"closed","template":"","meta":[],"product_brand":[],"product_cat":[53],"product_tag":[322,343,345,344,342,319],"class_list":{"0":"post-3969","1":"product","2":"type-product","3":"status-publish","4":"has-post-thumbnail","6":"product_cat-tasarim-air-hockey","7":"product_tag-by-trio","8":"product_tag-design-air-hockey","9":"product_tag-design-air-hockey-table","10":"product_tag-glass-air-hockey-table","11":"product_tag-tasarim-air-hockey","12":"product_tag-trio-tasarim","14":"first","15":"instock","16":"taxable","17":"shipping-taxable","18":"purchasable","19":"product-type-simple"},"yoast_head":"<!-- This site is optimized with the Yoast SEO plugin v27.4 - https:\/\/yoast.com\/product\/yoast-seo-wordpress\/ -->\n<title>Tasarim Air Hockey Masasi - Tasarimlangirt.com, &ouml;zel tasar\u0131m lang\u0131rt, bilardo, satran&ccedil; ve masa tenisi masalar\u0131yla l&uuml;ks oyun deneyimi sunuyor. El i\u015f&ccedil;ili\u011fi ve y&uuml;ksek kaliteyle &uuml;retilen masalar\u0131m\u0131zla ya\u015fam alanlar\u0131n\u0131z\u0131 \u015f\u0131kl\u0131kla bulu\u015fturun.<\/title>\n<meta name=\"description\" content=\"\u201cModern tasar\u0131m air hockey masalar\u0131yla e\u011flenceyi evinize ta\u015f\u0131y\u0131n. \u015e\u0131k, dayan\u0131kl\u0131 ve heyecan dolu oyun deneyimi sizi bekliyor.\u201d\" \/>\n<meta name=\"robots\" content=\"index, follow, max-snippet:-1, max-image-preview:large, max-video-preview:-1\" \/>\n<link rel=\"canonical\" href=\"https:\/\/tasarimlangirt.com\/index.php\/urun\/tasarim-air-hockey-masasi\/\" \/>\n<meta property=\"og:locale\" content=\"tr_TR\" \/>\n<meta property=\"og:type\" content=\"article\" \/>\n<meta property=\"og:title\" content=\"Tasarim Air Hockey Masasi - Tasarimlangirt.com, &ouml;zel tasar\u0131m lang\u0131rt, bilardo, satran&ccedil; ve masa tenisi masalar\u0131yla l&uuml;ks oyun deneyimi sunuyor. El i\u015f&ccedil;ili\u011fi ve y&uuml;ksek kaliteyle &uuml;retilen masalar\u0131m\u0131zla ya\u015fam alanlar\u0131n\u0131z\u0131 \u015f\u0131kl\u0131kla bulu\u015fturun.\" \/>\n<meta property=\"og:description\" content=\"\u201cModern tasar\u0131m air hockey masalar\u0131yla e\u011flenceyi evinize ta\u015f\u0131y\u0131n. \u015e\u0131k, dayan\u0131kl\u0131 ve heyecan dolu oyun deneyimi sizi bekliyor.\u201d\" \/>\n<meta property=\"og:url\" content=\"https:\/\/tasarimlangirt.com\/index.php\/urun\/tasarim-air-hockey-masasi\/\" \/>\n<meta property=\"og:site_name\" content=\"Tasarimlangirt.com, &ouml;zel tasar\u0131m lang\u0131rt, bilardo, satran&ccedil; ve masa tenisi masalar\u0131yla l&uuml;ks oyun deneyimi sunuyor. El i\u015f&ccedil;ili\u011fi ve y&uuml;ksek kaliteyle &uuml;retilen masalar\u0131m\u0131zla ya\u015fam alanlar\u0131n\u0131z\u0131 \u015f\u0131kl\u0131kla bulu\u015fturun.\" \/>\n<meta property=\"article:publisher\" content=\"https:\/\/www.facebook.com\/tasarimlangirt\/?locale=tr_TR\" \/>\n<meta property=\"og:image\" content=\"https:\/\/tasarimlangirt.com\/wp-content\/uploads\/2025\/10\/WhatsApp-Gorsel-2023-07-24-saat-12.38-Photoroom.png\" \/>\n\t<meta property=\"og:image:width\" content=\"1080\" \/>\n\t<meta property=\"og:image:height\" content=\"1080\" \/>\n\t<meta property=\"og:image:type\" content=\"image\/png\" \/>\n<meta name=\"twitter:card\" content=\"summary_large_image\" \/>\n<meta name=\"twitter:site\" content=\"@tasarimlangirt\" \/>\n<meta name=\"twitter:label1\" content=\"Tahmini okuma s\u00fcresi\" \/>\n\t<meta name=\"twitter:data1\" content=\"1 dakika\" \/>\n<script type=\"application\/ld+json\" class=\"yoast-schema-graph\">{\"@context\":\"https:\\\/\\\/schema.org\",\"@graph\":[{\"@type\":\"WebPage\",\"@id\":\"https:\\\/\\\/tasarimlangirt.com\\\/index.php\\\/urun\\\/tasarim-air-hockey-masasi\\\/\",\"url\":\"https:\\\/\\\/tasarimlangirt.com\\\/index.php\\\/urun\\\/tasarim-air-hockey-masasi\\\/\",\"name\":\"Tasarim Air Hockey Masasi - Tasarimlangirt.com, &ouml;zel tasar\u0131m lang\u0131rt, bilardo, satran&ccedil; ve masa tenisi masalar\u0131yla l&uuml;ks oyun deneyimi sunuyor. El i\u015f&ccedil;ili\u011fi ve y&uuml;ksek kaliteyle &uuml;retilen masalar\u0131m\u0131zla ya\u015fam alanlar\u0131n\u0131z\u0131 \u015f\u0131kl\u0131kla bulu\u015fturun.\",\"isPartOf\":{\"@id\":\"https:\\\/\\\/tasarimlangirt.com\\\/#website\"},\"primaryImageOfPage\":{\"@id\":\"https:\\\/\\\/tasarimlangirt.com\\\/index.php\\\/urun\\\/tasarim-air-hockey-masasi\\\/#primaryimage\"},\"image\":{\"@id\":\"https:\\\/\\\/tasarimlangirt.com\\\/index.php\\\/urun\\\/tasarim-air-hockey-masasi\\\/#primaryimage\"},\"thumbnailUrl\":\"https:\\\/\\\/tasarimlangirt.com\\\/wp-content\\\/uploads\\\/2025\\\/10\\\/WhatsApp-Gorsel-2023-07-24-saat-12.38-Photoroom.png\",\"datePublished\":\"2025-10-01T16:04:44+00:00\",\"description\":\"\u201cModern tasar\u0131m air hockey masalar\u0131yla e\u011flenceyi evinize ta\u015f\u0131y\u0131n. \u015e\u0131k, dayan\u0131kl\u0131 ve heyecan dolu oyun deneyimi sizi bekliyor.\u201d\",\"breadcrumb\":{\"@id\":\"https:\\\/\\\/tasarimlangirt.com\\\/index.php\\\/urun\\\/tasarim-air-hockey-masasi\\\/#breadcrumb\"},\"inLanguage\":\"tr\",\"potentialAction\":[{\"@type\":\"ReadAction\",\"target\":[\"https:\\\/\\\/tasarimlangirt.com\\\/index.php\\\/urun\\\/tasarim-air-hockey-masasi\\\/\"]}]},{\"@type\":\"ImageObject\",\"inLanguage\":\"tr\",\"@id\":\"https:\\\/\\\/tasarimlangirt.com\\\/index.php\\\/urun\\\/tasarim-air-hockey-masasi\\\/#primaryimage\",\"url\":\"https:\\\/\\\/tasarimlangirt.com\\\/wp-content\\\/uploads\\\/2025\\\/10\\\/WhatsApp-Gorsel-2023-07-24-saat-12.38-Photoroom.png\",\"contentUrl\":\"https:\\\/\\\/tasarimlangirt.com\\\/wp-content\\\/uploads\\\/2025\\\/10\\\/WhatsApp-Gorsel-2023-07-24-saat-12.38-Photoroom.png\",\"width\":1080,\"height\":1080},{\"@type\":\"BreadcrumbList\",\"@id\":\"https:\\\/\\\/tasarimlangirt.com\\\/index.php\\\/urun\\\/tasarim-air-hockey-masasi\\\/#breadcrumb\",\"itemListElement\":[{\"@type\":\"ListItem\",\"position\":1,\"name\":\"Anasayfa\",\"item\":\"https:\\\/\\\/tasarimlangirt.com\\\/\"},{\"@type\":\"ListItem\",\"position\":2,\"name\":\"Shop\",\"item\":\"https:\\\/\\\/tasarimlangirt.com\\\/index.php\\\/shop\\\/\"},{\"@type\":\"ListItem\",\"position\":3,\"name\":\"Tasarim Air Hockey Masasi\"}]},{\"@type\":\"WebSite\",\"@id\":\"https:\\\/\\\/tasarimlangirt.com\\\/#website\",\"url\":\"https:\\\/\\\/tasarimlangirt.com\\\/\",\"name\":\"www.tasarimlangirt.com\",\"description\":\"&ouml;zel tasar\u0131m lang\u0131rt \",\"publisher\":{\"@id\":\"https:\\\/\\\/tasarimlangirt.com\\\/#organization\"},\"potentialAction\":[{\"@type\":\"SearchAction\",\"target\":{\"@type\":\"EntryPoint\",\"urlTemplate\":\"https:\\\/\\\/tasarimlangirt.com\\\/?s={search_term_string}\"},\"query-input\":{\"@type\":\"PropertyValueSpecification\",\"valueRequired\":true,\"valueName\":\"search_term_string\"}}],\"inLanguage\":\"tr\"},{\"@type\":\"Organization\",\"@id\":\"https:\\\/\\\/tasarimlangirt.com\\\/#organization\",\"name\":\"t\",\"url\":\"https:\\\/\\\/tasarimlangirt.com\\\/\",\"logo\":{\"@type\":\"ImageObject\",\"inLanguage\":\"tr\",\"@id\":\"https:\\\/\\\/tasarimlangirt.com\\\/#\\\/schema\\\/logo\\\/image\\\/\",\"url\":\"https:\\\/\\\/tasarimlangirt.com\\\/wp-content\\\/uploads\\\/2025\\\/09\\\/ccc3a71f-dae2-4002-96e0-df7cc079e6f6.png\",\"contentUrl\":\"https:\\\/\\\/tasarimlangirt.com\\\/wp-content\\\/uploads\\\/2025\\\/09\\\/ccc3a71f-dae2-4002-96e0-df7cc079e6f6.png\",\"width\":1024,\"height\":1024,\"caption\":\"t\"},\"image\":{\"@id\":\"https:\\\/\\\/tasarimlangirt.com\\\/#\\\/schema\\\/logo\\\/image\\\/\"},\"sameAs\":[\"https:\\\/\\\/www.facebook.com\\\/tasarimlangirt\\\/?locale=tr_TR\",\"https:\\\/\\\/x.com\\\/tasarimlangirt\"]}]}<\/script>\n<!-- \/ Yoast SEO plugin. -->","yoast_head_json":{"title":"Tasarim Air Hockey Masasi - Tasarimlangirt.com, &ouml;zel tasar\u0131m lang\u0131rt, bilardo, satran&ccedil; ve masa tenisi masalar\u0131yla l&uuml;ks oyun deneyimi sunuyor. El i\u015f&ccedil;ili\u011fi ve y&uuml;ksek kaliteyle &uuml;retilen masalar\u0131m\u0131zla ya\u015fam alanlar\u0131n\u0131z\u0131 \u015f\u0131kl\u0131kla bulu\u015fturun.","description":"\u201cModern tasar\u0131m air hockey masalar\u0131yla e\u011flenceyi evinize ta\u015f\u0131y\u0131n. \u015e\u0131k, dayan\u0131kl\u0131 ve heyecan dolu oyun deneyimi sizi bekliyor.\u201d","robots":{"index":"index","follow":"follow","max-snippet":"max-snippet:-1","max-image-preview":"max-image-preview:large","max-video-preview":"max-video-preview:-1"},"canonical":"https:\/\/tasarimlangirt.com\/index.php\/urun\/tasarim-air-hockey-masasi\/","og_locale":"tr_TR","og_type":"article","og_title":"Tasarim Air Hockey Masasi - Tasarimlangirt.com, &ouml;zel tasar\u0131m lang\u0131rt, bilardo, satran&ccedil; ve masa tenisi masalar\u0131yla l&uuml;ks oyun deneyimi sunuyor. El i\u015f&ccedil;ili\u011fi ve y&uuml;ksek kaliteyle &uuml;retilen masalar\u0131m\u0131zla ya\u015fam alanlar\u0131n\u0131z\u0131 \u015f\u0131kl\u0131kla bulu\u015fturun.","og_description":"\u201cModern tasar\u0131m air hockey masalar\u0131yla e\u011flenceyi evinize ta\u015f\u0131y\u0131n. \u015e\u0131k, dayan\u0131kl\u0131 ve heyecan dolu oyun deneyimi sizi bekliyor.\u201d","og_url":"https:\/\/tasarimlangirt.com\/index.php\/urun\/tasarim-air-hockey-masasi\/","og_site_name":"Tasarimlangirt.com, &ouml;zel tasar\u0131m lang\u0131rt, bilardo, satran&ccedil; ve masa tenisi masalar\u0131yla l&uuml;ks oyun deneyimi sunuyor. El i\u015f&ccedil;ili\u011fi ve y&uuml;ksek kaliteyle &uuml;retilen masalar\u0131m\u0131zla ya\u015fam alanlar\u0131n\u0131z\u0131 \u015f\u0131kl\u0131kla bulu\u015fturun.","article_publisher":"https:\/\/www.facebook.com\/tasarimlangirt\/?locale=tr_TR","og_image":[{"width":1080,"height":1080,"url":"https:\/\/tasarimlangirt.com\/wp-content\/uploads\/2025\/10\/WhatsApp-Gorsel-2023-07-24-saat-12.38-Photoroom.png","type":"image\/png"}],"twitter_card":"summary_large_image","twitter_site":"@tasarimlangirt","twitter_misc":{"Tahmini okuma s\u00fcresi":"1 dakika"},"schema":{"@context":"https:\/\/schema.org","@graph":[{"@type":"WebPage","@id":"https:\/\/tasarimlangirt.com\/index.php\/urun\/tasarim-air-hockey-masasi\/","url":"https:\/\/tasarimlangirt.com\/index.php\/urun\/tasarim-air-hockey-masasi\/","name":"Tasarim Air Hockey Masasi - Tasarimlangirt.com, &ouml;zel tasar\u0131m lang\u0131rt, bilardo, satran&ccedil; ve masa tenisi masalar\u0131yla l&uuml;ks oyun deneyimi sunuyor. El i\u015f&ccedil;ili\u011fi ve y&uuml;ksek kaliteyle &uuml;retilen masalar\u0131m\u0131zla ya\u015fam alanlar\u0131n\u0131z\u0131 \u015f\u0131kl\u0131kla bulu\u015fturun.","isPartOf":{"@id":"https:\/\/tasarimlangirt.com\/#website"},"primaryImageOfPage":{"@id":"https:\/\/tasarimlangirt.com\/index.php\/urun\/tasarim-air-hockey-masasi\/#primaryimage"},"image":{"@id":"https:\/\/tasarimlangirt.com\/index.php\/urun\/tasarim-air-hockey-masasi\/#primaryimage"},"thumbnailUrl":"https:\/\/tasarimlangirt.com\/wp-content\/uploads\/2025\/10\/WhatsApp-Gorsel-2023-07-24-saat-12.38-Photoroom.png","datePublished":"2025-10-01T16:04:44+00:00","description":"\u201cModern tasar\u0131m air hockey masalar\u0131yla e\u011flenceyi evinize ta\u015f\u0131y\u0131n. \u015e\u0131k, dayan\u0131kl\u0131 ve heyecan dolu oyun deneyimi sizi bekliyor.\u201d","breadcrumb":{"@id":"https:\/\/tasarimlangirt.com\/index.php\/urun\/tasarim-air-hockey-masasi\/#breadcrumb"},"inLanguage":"tr","potentialAction":[{"@type":"ReadAction","target":["https:\/\/tasarimlangirt.com\/index.php\/urun\/tasarim-air-hockey-masasi\/"]}]},{"@type":"ImageObject","inLanguage":"tr","@id":"https:\/\/tasarimlangirt.com\/index.php\/urun\/tasarim-air-hockey-masasi\/#primaryimage","url":"https:\/\/tasarimlangirt.com\/wp-content\/uploads\/2025\/10\/WhatsApp-Gorsel-2023-07-24-saat-12.38-Photoroom.png","contentUrl":"https:\/\/tasarimlangirt.com\/wp-content\/uploads\/2025\/10\/WhatsApp-Gorsel-2023-07-24-saat-12.38-Photoroom.png","width":1080,"height":1080},{"@type":"BreadcrumbList","@id":"https:\/\/tasarimlangirt.com\/index.php\/urun\/tasarim-air-hockey-masasi\/#breadcrumb","itemListElement":[{"@type":"ListItem","position":1,"name":"Anasayfa","item":"https:\/\/tasarimlangirt.com\/"},{"@type":"ListItem","position":2,"name":"Shop","item":"https:\/\/tasarimlangirt.com\/index.php\/shop\/"},{"@type":"ListItem","position":3,"name":"Tasarim Air Hockey Masasi"}]},{"@type":"WebSite","@id":"https:\/\/tasarimlangirt.com\/#website","url":"https:\/\/tasarimlangirt.com\/","name":"www.tasarimlangirt.com","description":"&ouml;zel tasar\u0131m lang\u0131rt ","publisher":{"@id":"https:\/\/tasarimlangirt.com\/#organization"},"potentialAction":[{"@type":"SearchAction","target":{"@type":"EntryPoint","urlTemplate":"https:\/\/tasarimlangirt.com\/?s={search_term_string}"},"query-input":{"@type":"PropertyValueSpecification","valueRequired":true,"valueName":"search_term_string"}}],"inLanguage":"tr"},{"@type":"Organization","@id":"https:\/\/tasarimlangirt.com\/#organization","name":"t","url":"https:\/\/tasarimlangirt.com\/","logo":{"@type":"ImageObject","inLanguage":"tr","@id":"https:\/\/tasarimlangirt.com\/#\/schema\/logo\/image\/","url":"https:\/\/tasarimlangirt.com\/wp-content\/uploads\/2025\/09\/ccc3a71f-dae2-4002-96e0-df7cc079e6f6.png","contentUrl":"https:\/\/tasarimlangirt.com\/wp-content\/uploads\/2025\/09\/ccc3a71f-dae2-4002-96e0-df7cc079e6f6.png","width":1024,"height":1024,"caption":"t"},"image":{"@id":"https:\/\/tasarimlangirt.com\/#\/schema\/logo\/image\/"},"sameAs":["https:\/\/www.facebook.com\/tasarimlangirt\/?locale=tr_TR","https:\/\/x.com\/tasarimlangirt"]}]}},"jetpack_sharing_enabled":true,"_links":{"self":[{"href":"https:\/\/tasarimlangirt.com\/index.php\/wp-json\/wp\/v2\/product\/3969","targetHints":{"allow":["GET"]}}],"collection":[{"href":"https:\/\/tasarimlangirt.com\/index.php\/wp-json\/wp\/v2\/product"}],"about":[{"href":"https:\/\/tasarimlangirt.com\/index.php\/wp-json\/wp\/v2\/types\/product"}],"replies":[{"embeddable":true,"href":"https:\/\/tasarimlangirt.com\/index.php\/wp-json\/wp\/v2\/comments?post=3969"}],"wp:featuredmedia":[{"embeddable":true,"href":"https:\/\/tasarimlangirt.com\/index.php\/wp-json\/wp\/v2\/media\/3972"}],"wp:attachment":[{"href":"https:\/\/tasarimlangirt.com\/index.php\/wp-json\/wp\/v2\/media?parent=3969"}],"wp:term":[{"taxonomy":"product_brand","embeddable":true,"href":"https:\/\/tasarimlangirt.com\/index.php\/wp-json\/wp\/v2\/product_brand?post=3969"},{"taxonomy":"product_cat","embeddable":true,"href":"https:\/\/tasarimlangirt.com\/index.php\/wp-json\/wp\/v2\/product_cat?post=3969"},{"taxonomy":"product_tag","embeddable":true,"href":"https:\/\/tasarimlangirt.com\/index.php\/wp-json\/wp\/v2\/product_tag?post=3969"}],"curies":[{"name":"wp","href":"https:\/\/api.w.org\/{rel}","templated":true}]}}