{"id":3886,"date":"2025-09-30T05:34:19","date_gmt":"2025-09-30T05:34:19","guid":{"rendered":"https:\/\/tasarimlangirt.com\/?post_type=product&#038;p=3886"},"modified":"2025-09-30T05:35:39","modified_gmt":"2025-09-30T05:35:39","slug":"cam-satranc-2","status":"publish","type":"product","link":"https:\/\/tasarimlangirt.com\/index.php\/urun\/cam-satranc-2\/","title":{"rendered":"Cam Satran\u00e7"},"content":{"rendered":"<p>Light Kristal Dizayn satran\u00e7\u00a0 masas\u0131 \u0131\u015f\u0131\u011f\u0131 ald\u0131\u011f\u0131 her farkl\u0131 perspektif ile birlikte birbirinden \u00f6zg\u00fc renk tonlar\u0131 yans\u0131t\u0131r olarak sizlere kaliteli bir oyun deneyimi sunuyor.<\/p>\n<p>Ultra Clear Cam&#8217;dan \u00fcretilip k\u0131r\u0131lmamas\u0131 i\u00e7in i\u015flem uygulanm\u0131\u015ft\u0131r<\/p>\n<p>By Trio Kristal Dizayn Satran\u00e7 Tasar\u0131mc\u0131 Hakan UMAN imzas\u0131 ta\u015f\u0131maktad\u0131r \u00d6l\u00e7\u00fcler: D\u0131\u015f \u00f6l\u00e7\u00fc: 62x52x65 cm &#8211; Oyun Alan\u0131: 50&#215;60 cm<\/p>\n","protected":false},"excerpt":{"rendered":"<p>Light Kristal Dizayn satran\u00e7\u00a0 masas\u0131 \u0131\u015f\u0131\u011f\u0131 ald\u0131\u011f\u0131 her farkl\u0131 perspektif ile birlikte birbirinden \u00f6zg\u00fc renk tonlar\u0131 yans\u0131t\u0131r olarak sizlere kaliteli bir oyun deneyimi sunuyor. Ultra Clear Cam&#8217;dan \u00fcretilip k\u0131r\u0131lmamas\u0131 i\u00e7in i\u015flem uygulanm\u0131\u015ft\u0131r By Trio Kristal Dizayn Satran\u00e7 Tasar\u0131mc\u0131 Hakan UMAN imzas\u0131 ta\u015f\u0131maktad\u0131r \u00d6l\u00e7\u00fcler: D\u0131\u015f \u00f6l\u00e7\u00fc: 62x52x65 cm &#8211; Oyun Alan\u0131: 50&#215;60 cm<\/p>\n","protected":false},"featured_media":3887,"comment_status":"open","ping_status":"closed","template":"","meta":[],"product_brand":[],"product_cat":[58],"product_tag":[327,325],"class_list":{"0":"post-3886","1":"product","2":"type-product","3":"status-publish","4":"has-post-thumbnail","6":"product_cat-tasarim-satranc","7":"product_tag-by-trio-satranc","8":"product_tag-cam-satranc","10":"first","11":"instock","12":"taxable","13":"shipping-taxable","14":"purchasable","15":"product-type-simple"},"yoast_head":"<!-- This site is optimized with the Yoast SEO plugin v27.4 - https:\/\/yoast.com\/product\/yoast-seo-wordpress\/ -->\n<title>Cam Satran\u00e7 - Tasarimlangirt.com, &ouml;zel tasar\u0131m lang\u0131rt, bilardo, satran&ccedil; ve masa tenisi masalar\u0131yla l&uuml;ks oyun deneyimi sunuyor. El i\u015f&ccedil;ili\u011fi ve y&uuml;ksek kaliteyle &uuml;retilen masalar\u0131m\u0131zla ya\u015fam alanlar\u0131n\u0131z\u0131 \u015f\u0131kl\u0131kla bulu\u015fturun.<\/title>\n<meta name=\"description\" content=\"Cam satran\u00e7 masas\u0131 \u0131\u015f\u0131\u011f\u0131 ald\u0131\u011f\u0131 her farkl\u0131 perspektif ile birlikte birbirinden \u00f6zg\u00fc renk tonlar\u0131 yans\u0131t\u0131r olarak sizlere kaliteli bir oyun deneyimi sunuyor.\" \/>\n<meta name=\"robots\" content=\"index, follow, max-snippet:-1, max-image-preview:large, max-video-preview:-1\" \/>\n<link rel=\"canonical\" href=\"https:\/\/tasarimlangirt.com\/index.php\/urun\/cam-satranc-2\/\" \/>\n<meta property=\"og:locale\" content=\"tr_TR\" \/>\n<meta property=\"og:type\" content=\"article\" \/>\n<meta property=\"og:title\" content=\"Cam Satran\u00e7 - Tasarimlangirt.com, &ouml;zel tasar\u0131m lang\u0131rt, bilardo, satran&ccedil; ve masa tenisi masalar\u0131yla l&uuml;ks oyun deneyimi sunuyor. El i\u015f&ccedil;ili\u011fi ve y&uuml;ksek kaliteyle &uuml;retilen masalar\u0131m\u0131zla ya\u015fam alanlar\u0131n\u0131z\u0131 \u015f\u0131kl\u0131kla bulu\u015fturun.\" \/>\n<meta property=\"og:description\" content=\"Cam satran\u00e7 masas\u0131 \u0131\u015f\u0131\u011f\u0131 ald\u0131\u011f\u0131 her farkl\u0131 perspektif ile birlikte birbirinden \u00f6zg\u00fc renk tonlar\u0131 yans\u0131t\u0131r olarak sizlere kaliteli bir oyun deneyimi sunuyor.\" \/>\n<meta property=\"og:url\" content=\"https:\/\/tasarimlangirt.com\/index.php\/urun\/cam-satranc-2\/\" \/>\n<meta property=\"og:site_name\" content=\"Tasarimlangirt.com, &ouml;zel tasar\u0131m lang\u0131rt, bilardo, satran&ccedil; ve masa tenisi masalar\u0131yla l&uuml;ks oyun deneyimi sunuyor. El i\u015f&ccedil;ili\u011fi ve y&uuml;ksek kaliteyle &uuml;retilen masalar\u0131m\u0131zla ya\u015fam alanlar\u0131n\u0131z\u0131 \u015f\u0131kl\u0131kla bulu\u015fturun.\" \/>\n<meta property=\"article:publisher\" content=\"https:\/\/www.facebook.com\/tasarimlangirt\/?locale=tr_TR\" \/>\n<meta property=\"article:modified_time\" content=\"2025-09-30T05:35:39+00:00\" \/>\n<meta property=\"og:image\" content=\"https:\/\/tasarimlangirt.com\/wp-content\/uploads\/2025\/09\/tasarim-cam-satranc-1.jpeg\" \/>\n\t<meta property=\"og:image:width\" content=\"1066\" \/>\n\t<meta property=\"og:image:height\" content=\"1600\" \/>\n\t<meta property=\"og:image:type\" content=\"image\/jpeg\" \/>\n<meta name=\"twitter:card\" content=\"summary_large_image\" \/>\n<meta name=\"twitter:site\" content=\"@tasarimlangirt\" \/>\n<meta name=\"twitter:label1\" content=\"Tahmini okuma s\u00fcresi\" \/>\n\t<meta name=\"twitter:data1\" content=\"1 dakika\" \/>\n<script type=\"application\/ld+json\" class=\"yoast-schema-graph\">{\"@context\":\"https:\\\/\\\/schema.org\",\"@graph\":[{\"@type\":\"WebPage\",\"@id\":\"https:\\\/\\\/tasarimlangirt.com\\\/index.php\\\/urun\\\/cam-satranc-2\\\/\",\"url\":\"https:\\\/\\\/tasarimlangirt.com\\\/index.php\\\/urun\\\/cam-satranc-2\\\/\",\"name\":\"Cam Satran\u00e7 - Tasarimlangirt.com, &ouml;zel tasar\u0131m lang\u0131rt, bilardo, satran&ccedil; ve masa tenisi masalar\u0131yla l&uuml;ks oyun deneyimi sunuyor. El i\u015f&ccedil;ili\u011fi ve y&uuml;ksek kaliteyle &uuml;retilen masalar\u0131m\u0131zla ya\u015fam alanlar\u0131n\u0131z\u0131 \u015f\u0131kl\u0131kla bulu\u015fturun.\",\"isPartOf\":{\"@id\":\"https:\\\/\\\/tasarimlangirt.com\\\/#website\"},\"primaryImageOfPage\":{\"@id\":\"https:\\\/\\\/tasarimlangirt.com\\\/index.php\\\/urun\\\/cam-satranc-2\\\/#primaryimage\"},\"image\":{\"@id\":\"https:\\\/\\\/tasarimlangirt.com\\\/index.php\\\/urun\\\/cam-satranc-2\\\/#primaryimage\"},\"thumbnailUrl\":\"https:\\\/\\\/tasarimlangirt.com\\\/wp-content\\\/uploads\\\/2025\\\/09\\\/tasarim-cam-satranc-1.jpeg\",\"datePublished\":\"2025-09-30T05:34:19+00:00\",\"dateModified\":\"2025-09-30T05:35:39+00:00\",\"description\":\"Cam satran\u00e7 masas\u0131 \u0131\u015f\u0131\u011f\u0131 ald\u0131\u011f\u0131 her farkl\u0131 perspektif ile birlikte birbirinden \u00f6zg\u00fc renk tonlar\u0131 yans\u0131t\u0131r olarak sizlere kaliteli bir oyun deneyimi sunuyor.\",\"breadcrumb\":{\"@id\":\"https:\\\/\\\/tasarimlangirt.com\\\/index.php\\\/urun\\\/cam-satranc-2\\\/#breadcrumb\"},\"inLanguage\":\"tr\",\"potentialAction\":[{\"@type\":\"ReadAction\",\"target\":[\"https:\\\/\\\/tasarimlangirt.com\\\/index.php\\\/urun\\\/cam-satranc-2\\\/\"]}]},{\"@type\":\"ImageObject\",\"inLanguage\":\"tr\",\"@id\":\"https:\\\/\\\/tasarimlangirt.com\\\/index.php\\\/urun\\\/cam-satranc-2\\\/#primaryimage\",\"url\":\"https:\\\/\\\/tasarimlangirt.com\\\/wp-content\\\/uploads\\\/2025\\\/09\\\/tasarim-cam-satranc-1.jpeg\",\"contentUrl\":\"https:\\\/\\\/tasarimlangirt.com\\\/wp-content\\\/uploads\\\/2025\\\/09\\\/tasarim-cam-satranc-1.jpeg\",\"width\":1066,\"height\":1600},{\"@type\":\"BreadcrumbList\",\"@id\":\"https:\\\/\\\/tasarimlangirt.com\\\/index.php\\\/urun\\\/cam-satranc-2\\\/#breadcrumb\",\"itemListElement\":[{\"@type\":\"ListItem\",\"position\":1,\"name\":\"Anasayfa\",\"item\":\"https:\\\/\\\/tasarimlangirt.com\\\/\"},{\"@type\":\"ListItem\",\"position\":2,\"name\":\"Shop\",\"item\":\"https:\\\/\\\/tasarimlangirt.com\\\/index.php\\\/shop\\\/\"},{\"@type\":\"ListItem\",\"position\":3,\"name\":\"Cam Satran\u00e7\"}]},{\"@type\":\"WebSite\",\"@id\":\"https:\\\/\\\/tasarimlangirt.com\\\/#website\",\"url\":\"https:\\\/\\\/tasarimlangirt.com\\\/\",\"name\":\"www.tasarimlangirt.com\",\"description\":\"&ouml;zel tasar\u0131m lang\u0131rt \",\"publisher\":{\"@id\":\"https:\\\/\\\/tasarimlangirt.com\\\/#organization\"},\"potentialAction\":[{\"@type\":\"SearchAction\",\"target\":{\"@type\":\"EntryPoint\",\"urlTemplate\":\"https:\\\/\\\/tasarimlangirt.com\\\/?s={search_term_string}\"},\"query-input\":{\"@type\":\"PropertyValueSpecification\",\"valueRequired\":true,\"valueName\":\"search_term_string\"}}],\"inLanguage\":\"tr\"},{\"@type\":\"Organization\",\"@id\":\"https:\\\/\\\/tasarimlangirt.com\\\/#organization\",\"name\":\"t\",\"url\":\"https:\\\/\\\/tasarimlangirt.com\\\/\",\"logo\":{\"@type\":\"ImageObject\",\"inLanguage\":\"tr\",\"@id\":\"https:\\\/\\\/tasarimlangirt.com\\\/#\\\/schema\\\/logo\\\/image\\\/\",\"url\":\"https:\\\/\\\/tasarimlangirt.com\\\/wp-content\\\/uploads\\\/2025\\\/09\\\/ccc3a71f-dae2-4002-96e0-df7cc079e6f6.png\",\"contentUrl\":\"https:\\\/\\\/tasarimlangirt.com\\\/wp-content\\\/uploads\\\/2025\\\/09\\\/ccc3a71f-dae2-4002-96e0-df7cc079e6f6.png\",\"width\":1024,\"height\":1024,\"caption\":\"t\"},\"image\":{\"@id\":\"https:\\\/\\\/tasarimlangirt.com\\\/#\\\/schema\\\/logo\\\/image\\\/\"},\"sameAs\":[\"https:\\\/\\\/www.facebook.com\\\/tasarimlangirt\\\/?locale=tr_TR\",\"https:\\\/\\\/x.com\\\/tasarimlangirt\"]}]}<\/script>\n<!-- \/ Yoast SEO plugin. -->","yoast_head_json":{"title":"Cam Satran\u00e7 - Tasarimlangirt.com, &ouml;zel tasar\u0131m lang\u0131rt, bilardo, satran&ccedil; ve masa tenisi masalar\u0131yla l&uuml;ks oyun deneyimi sunuyor. El i\u015f&ccedil;ili\u011fi ve y&uuml;ksek kaliteyle &uuml;retilen masalar\u0131m\u0131zla ya\u015fam alanlar\u0131n\u0131z\u0131 \u015f\u0131kl\u0131kla bulu\u015fturun.","description":"Cam satran\u00e7 masas\u0131 \u0131\u015f\u0131\u011f\u0131 ald\u0131\u011f\u0131 her farkl\u0131 perspektif ile birlikte birbirinden \u00f6zg\u00fc renk tonlar\u0131 yans\u0131t\u0131r olarak sizlere kaliteli bir oyun deneyimi sunuyor.","robots":{"index":"index","follow":"follow","max-snippet":"max-snippet:-1","max-image-preview":"max-image-preview:large","max-video-preview":"max-video-preview:-1"},"canonical":"https:\/\/tasarimlangirt.com\/index.php\/urun\/cam-satranc-2\/","og_locale":"tr_TR","og_type":"article","og_title":"Cam Satran\u00e7 - Tasarimlangirt.com, &ouml;zel tasar\u0131m lang\u0131rt, bilardo, satran&ccedil; ve masa tenisi masalar\u0131yla l&uuml;ks oyun deneyimi sunuyor. El i\u015f&ccedil;ili\u011fi ve y&uuml;ksek kaliteyle &uuml;retilen masalar\u0131m\u0131zla ya\u015fam alanlar\u0131n\u0131z\u0131 \u015f\u0131kl\u0131kla bulu\u015fturun.","og_description":"Cam satran\u00e7 masas\u0131 \u0131\u015f\u0131\u011f\u0131 ald\u0131\u011f\u0131 her farkl\u0131 perspektif ile birlikte birbirinden \u00f6zg\u00fc renk tonlar\u0131 yans\u0131t\u0131r olarak sizlere kaliteli bir oyun deneyimi sunuyor.","og_url":"https:\/\/tasarimlangirt.com\/index.php\/urun\/cam-satranc-2\/","og_site_name":"Tasarimlangirt.com, &ouml;zel tasar\u0131m lang\u0131rt, bilardo, satran&ccedil; ve masa tenisi masalar\u0131yla l&uuml;ks oyun deneyimi sunuyor. El i\u015f&ccedil;ili\u011fi ve y&uuml;ksek kaliteyle &uuml;retilen masalar\u0131m\u0131zla ya\u015fam alanlar\u0131n\u0131z\u0131 \u015f\u0131kl\u0131kla bulu\u015fturun.","article_publisher":"https:\/\/www.facebook.com\/tasarimlangirt\/?locale=tr_TR","article_modified_time":"2025-09-30T05:35:39+00:00","og_image":[{"width":1066,"height":1600,"url":"https:\/\/tasarimlangirt.com\/wp-content\/uploads\/2025\/09\/tasarim-cam-satranc-1.jpeg","type":"image\/jpeg"}],"twitter_card":"summary_large_image","twitter_site":"@tasarimlangirt","twitter_misc":{"Tahmini okuma s\u00fcresi":"1 dakika"},"schema":{"@context":"https:\/\/schema.org","@graph":[{"@type":"WebPage","@id":"https:\/\/tasarimlangirt.com\/index.php\/urun\/cam-satranc-2\/","url":"https:\/\/tasarimlangirt.com\/index.php\/urun\/cam-satranc-2\/","name":"Cam Satran\u00e7 - Tasarimlangirt.com, &ouml;zel tasar\u0131m lang\u0131rt, bilardo, satran&ccedil; ve masa tenisi masalar\u0131yla l&uuml;ks oyun deneyimi sunuyor. El i\u015f&ccedil;ili\u011fi ve y&uuml;ksek kaliteyle &uuml;retilen masalar\u0131m\u0131zla ya\u015fam alanlar\u0131n\u0131z\u0131 \u015f\u0131kl\u0131kla bulu\u015fturun.","isPartOf":{"@id":"https:\/\/tasarimlangirt.com\/#website"},"primaryImageOfPage":{"@id":"https:\/\/tasarimlangirt.com\/index.php\/urun\/cam-satranc-2\/#primaryimage"},"image":{"@id":"https:\/\/tasarimlangirt.com\/index.php\/urun\/cam-satranc-2\/#primaryimage"},"thumbnailUrl":"https:\/\/tasarimlangirt.com\/wp-content\/uploads\/2025\/09\/tasarim-cam-satranc-1.jpeg","datePublished":"2025-09-30T05:34:19+00:00","dateModified":"2025-09-30T05:35:39+00:00","description":"Cam satran\u00e7 masas\u0131 \u0131\u015f\u0131\u011f\u0131 ald\u0131\u011f\u0131 her farkl\u0131 perspektif ile birlikte birbirinden \u00f6zg\u00fc renk tonlar\u0131 yans\u0131t\u0131r olarak sizlere kaliteli bir oyun deneyimi sunuyor.","breadcrumb":{"@id":"https:\/\/tasarimlangirt.com\/index.php\/urun\/cam-satranc-2\/#breadcrumb"},"inLanguage":"tr","potentialAction":[{"@type":"ReadAction","target":["https:\/\/tasarimlangirt.com\/index.php\/urun\/cam-satranc-2\/"]}]},{"@type":"ImageObject","inLanguage":"tr","@id":"https:\/\/tasarimlangirt.com\/index.php\/urun\/cam-satranc-2\/#primaryimage","url":"https:\/\/tasarimlangirt.com\/wp-content\/uploads\/2025\/09\/tasarim-cam-satranc-1.jpeg","contentUrl":"https:\/\/tasarimlangirt.com\/wp-content\/uploads\/2025\/09\/tasarim-cam-satranc-1.jpeg","width":1066,"height":1600},{"@type":"BreadcrumbList","@id":"https:\/\/tasarimlangirt.com\/index.php\/urun\/cam-satranc-2\/#breadcrumb","itemListElement":[{"@type":"ListItem","position":1,"name":"Anasayfa","item":"https:\/\/tasarimlangirt.com\/"},{"@type":"ListItem","position":2,"name":"Shop","item":"https:\/\/tasarimlangirt.com\/index.php\/shop\/"},{"@type":"ListItem","position":3,"name":"Cam Satran\u00e7"}]},{"@type":"WebSite","@id":"https:\/\/tasarimlangirt.com\/#website","url":"https:\/\/tasarimlangirt.com\/","name":"www.tasarimlangirt.com","description":"&ouml;zel tasar\u0131m lang\u0131rt ","publisher":{"@id":"https:\/\/tasarimlangirt.com\/#organization"},"potentialAction":[{"@type":"SearchAction","target":{"@type":"EntryPoint","urlTemplate":"https:\/\/tasarimlangirt.com\/?s={search_term_string}"},"query-input":{"@type":"PropertyValueSpecification","valueRequired":true,"valueName":"search_term_string"}}],"inLanguage":"tr"},{"@type":"Organization","@id":"https:\/\/tasarimlangirt.com\/#organization","name":"t","url":"https:\/\/tasarimlangirt.com\/","logo":{"@type":"ImageObject","inLanguage":"tr","@id":"https:\/\/tasarimlangirt.com\/#\/schema\/logo\/image\/","url":"https:\/\/tasarimlangirt.com\/wp-content\/uploads\/2025\/09\/ccc3a71f-dae2-4002-96e0-df7cc079e6f6.png","contentUrl":"https:\/\/tasarimlangirt.com\/wp-content\/uploads\/2025\/09\/ccc3a71f-dae2-4002-96e0-df7cc079e6f6.png","width":1024,"height":1024,"caption":"t"},"image":{"@id":"https:\/\/tasarimlangirt.com\/#\/schema\/logo\/image\/"},"sameAs":["https:\/\/www.facebook.com\/tasarimlangirt\/?locale=tr_TR","https:\/\/x.com\/tasarimlangirt"]}]}},"jetpack_sharing_enabled":true,"_links":{"self":[{"href":"https:\/\/tasarimlangirt.com\/index.php\/wp-json\/wp\/v2\/product\/3886","targetHints":{"allow":["GET"]}}],"collection":[{"href":"https:\/\/tasarimlangirt.com\/index.php\/wp-json\/wp\/v2\/product"}],"about":[{"href":"https:\/\/tasarimlangirt.com\/index.php\/wp-json\/wp\/v2\/types\/product"}],"replies":[{"embeddable":true,"href":"https:\/\/tasarimlangirt.com\/index.php\/wp-json\/wp\/v2\/comments?post=3886"}],"wp:featuredmedia":[{"embeddable":true,"href":"https:\/\/tasarimlangirt.com\/index.php\/wp-json\/wp\/v2\/media\/3887"}],"wp:attachment":[{"href":"https:\/\/tasarimlangirt.com\/index.php\/wp-json\/wp\/v2\/media?parent=3886"}],"wp:term":[{"taxonomy":"product_brand","embeddable":true,"href":"https:\/\/tasarimlangirt.com\/index.php\/wp-json\/wp\/v2\/product_brand?post=3886"},{"taxonomy":"product_cat","embeddable":true,"href":"https:\/\/tasarimlangirt.com\/index.php\/wp-json\/wp\/v2\/product_cat?post=3886"},{"taxonomy":"product_tag","embeddable":true,"href":"https:\/\/tasarimlangirt.com\/index.php\/wp-json\/wp\/v2\/product_tag?post=3886"}],"curies":[{"name":"wp","href":"https:\/\/api.w.org\/{rel}","templated":true}]}}