{"id":3782,"date":"2025-09-30T04:34:18","date_gmt":"2025-09-30T04:34:18","guid":{"rendered":"https:\/\/tasarimlangirt.com\/?post_type=product&#038;p=3782"},"modified":"2025-09-30T04:39:42","modified_gmt":"2025-09-30T04:39:42","slug":"cam-tavla","status":"publish","type":"product","link":"https:\/\/tasarimlangirt.com\/index.php\/urun\/cam-tavla\/","title":{"rendered":"Cam Tavla"},"content":{"rendered":"<p>By Trio \u00e7izgisiyle kristal dizayn tavla \u015fa\u015f\u0131rt\u0131c\u0131 derecede iddial\u0131 bir tasar\u0131m<br \/>\nSaf \u015f\u0131kl\u0131\u011f\u0131 i\u015flevsellikle birle\u015ftirerek i\u00e7 ve di\u015f mekanlar\u0131n kalitesini artt\u0131rmaya haz\u0131r<br \/>\nAyd\u0131nl\u0131k ve ferah mekanlara m\u00fckemmel bir \u015fekilde uyum sa\u011flayarak var olan ile yok olan aras\u0131ndaki s\u0131n\u0131r\u0131n en iyi ifadesi olarak sizlere iddial\u0131 bir tavla oyun deneyimi sunuyor<br \/>\nUltra Clear Cam&#8217;dan \u00fcretilip k\u0131r\u0131lmamas\u0131 i\u00e7in i\u015flem uygulanm\u0131\u015ft\u0131r<br \/>\nBy Trio Kristal Dizayn Tavla Tasar\u0131mc\u0131 Hakan UMAN imzas\u0131 ta\u015f\u0131maktad\u0131r<br \/>\n\u00d6l\u00e7\u00fcler: D\u0131\u015f \u00f6l\u00e7\u00fc: 62x52x65 cm &#8211; Oyun Alan\u0131: 50&#215;60 cm<\/p>\n","protected":false},"excerpt":{"rendered":"<p>By Trio \u00e7izgisiyle kristal dizayn tavla \u015fa\u015f\u0131rt\u0131c\u0131 derecede iddial\u0131 bir tasar\u0131m Saf \u015f\u0131kl\u0131\u011f\u0131 i\u015flevsellikle birle\u015ftirerek i\u00e7 ve di\u015f mekanlar\u0131n kalitesini artt\u0131rmaya haz\u0131r Ayd\u0131nl\u0131k ve ferah mekanlara m\u00fckemmel bir \u015fekilde uyum sa\u011flayarak var olan ile yok olan aras\u0131ndaki s\u0131n\u0131r\u0131n en iyi ifadesi olarak sizlere iddial\u0131 bir tavla oyun deneyimi sunuyor Ultra Clear Cam&#8217;dan \u00fcretilip k\u0131r\u0131lmamas\u0131 i\u00e7in [&hellip;]<\/p>\n","protected":false},"featured_media":3784,"comment_status":"open","ping_status":"closed","template":"","meta":[],"product_brand":[],"product_cat":[54],"product_tag":[315,313,314,316],"class_list":{"0":"post-3782","1":"product","2":"type-product","3":"status-publish","4":"has-post-thumbnail","6":"product_cat-tasarim-tavla","7":"product_tag-by-trio-tavla","8":"product_tag-cam-tavla","9":"product_tag-sefaf-tavla","10":"product_tag-tasarim-tavla","12":"first","13":"instock","14":"taxable","15":"shipping-taxable","16":"purchasable","17":"product-type-simple"},"yoast_head":"<!-- This site is optimized with the Yoast SEO plugin v27.4 - https:\/\/yoast.com\/product\/yoast-seo-wordpress\/ -->\n<title>Cam Tavla - Tasarimlangirt.com, &ouml;zel tasar\u0131m lang\u0131rt, bilardo, satran&ccedil; ve masa tenisi masalar\u0131yla l&uuml;ks oyun deneyimi sunuyor. El i\u015f&ccedil;ili\u011fi ve y&uuml;ksek kaliteyle &uuml;retilen masalar\u0131m\u0131zla ya\u015fam alanlar\u0131n\u0131z\u0131 \u015f\u0131kl\u0131kla bulu\u015fturun. Cam Tavla Tasarimlangirt.com, &ouml;zel tasar\u0131m lang\u0131rt, bilardo, satran&ccedil; ve masa tenisi masalar\u0131yla l&uuml;ks oyun deneyimi sunuyor. El i\u015f&ccedil;ili\u011fi ve y&uuml;ksek kaliteyle &uuml;retilen masalar\u0131m\u0131zla ya\u015fam alanlar\u0131n\u0131z\u0131 \u015f\u0131kl\u0131kla bulu\u015fturun.<\/title>\n<meta name=\"description\" content=\"By Trio \u00e7izgisiyle kristal dizayn tasarim cam tavla \u015fa\u015f\u0131rt\u0131c\u0131 derecede iddial\u0131 bir tasar\u0131mSaf \u015f\u0131kl\u0131\u011f\u0131 i\u015flevsellikle birle\u015ftirerek\" \/>\n<meta name=\"robots\" content=\"index, follow, max-snippet:-1, max-image-preview:large, max-video-preview:-1\" \/>\n<link rel=\"canonical\" href=\"https:\/\/tasarimlangirt.com\/index.php\/urun\/cam-tavla\/\" \/>\n<meta property=\"og:locale\" content=\"tr_TR\" \/>\n<meta property=\"og:type\" content=\"article\" \/>\n<meta property=\"og:title\" content=\"Cam Tavla - Tasarimlangirt.com, &ouml;zel tasar\u0131m lang\u0131rt, bilardo, satran&ccedil; ve masa tenisi masalar\u0131yla l&uuml;ks oyun deneyimi sunuyor. El i\u015f&ccedil;ili\u011fi ve y&uuml;ksek kaliteyle &uuml;retilen masalar\u0131m\u0131zla ya\u015fam alanlar\u0131n\u0131z\u0131 \u015f\u0131kl\u0131kla bulu\u015fturun. Cam Tavla Tasarimlangirt.com, &ouml;zel tasar\u0131m lang\u0131rt, bilardo, satran&ccedil; ve masa tenisi masalar\u0131yla l&uuml;ks oyun deneyimi sunuyor. El i\u015f&ccedil;ili\u011fi ve y&uuml;ksek kaliteyle &uuml;retilen masalar\u0131m\u0131zla ya\u015fam alanlar\u0131n\u0131z\u0131 \u015f\u0131kl\u0131kla bulu\u015fturun.\" \/>\n<meta property=\"og:description\" content=\"By Trio \u00e7izgisiyle kristal dizayn tasarim cam tavla \u015fa\u015f\u0131rt\u0131c\u0131 derecede iddial\u0131 bir tasar\u0131mSaf \u015f\u0131kl\u0131\u011f\u0131 i\u015flevsellikle birle\u015ftirerek\" \/>\n<meta property=\"og:url\" content=\"https:\/\/tasarimlangirt.com\/index.php\/urun\/cam-tavla\/\" \/>\n<meta property=\"og:site_name\" content=\"Tasarimlangirt.com, &ouml;zel tasar\u0131m lang\u0131rt, bilardo, satran&ccedil; ve masa tenisi masalar\u0131yla l&uuml;ks oyun deneyimi sunuyor. El i\u015f&ccedil;ili\u011fi ve y&uuml;ksek kaliteyle &uuml;retilen masalar\u0131m\u0131zla ya\u015fam alanlar\u0131n\u0131z\u0131 \u015f\u0131kl\u0131kla bulu\u015fturun.\" \/>\n<meta property=\"article:publisher\" content=\"https:\/\/www.facebook.com\/tasarimlangirt\/?locale=tr_TR\" \/>\n<meta property=\"article:modified_time\" content=\"2025-09-30T04:39:42+00:00\" \/>\n<meta property=\"og:image\" content=\"https:\/\/tasarimlangirt.com\/wp-content\/uploads\/2025\/09\/cam-tavla-tasarim.jpg\" \/>\n\t<meta property=\"og:image:width\" content=\"1080\" \/>\n\t<meta property=\"og:image:height\" content=\"1080\" \/>\n\t<meta property=\"og:image:type\" content=\"image\/jpeg\" \/>\n<meta name=\"twitter:card\" content=\"summary_large_image\" \/>\n<meta name=\"twitter:site\" content=\"@tasarimlangirt\" \/>\n<meta name=\"twitter:label1\" content=\"Tahmini okuma s\u00fcresi\" \/>\n\t<meta name=\"twitter:data1\" content=\"1 dakika\" \/>\n<script type=\"application\/ld+json\" class=\"yoast-schema-graph\">{\"@context\":\"https:\\\/\\\/schema.org\",\"@graph\":[{\"@type\":\"WebPage\",\"@id\":\"https:\\\/\\\/tasarimlangirt.com\\\/index.php\\\/urun\\\/cam-tavla\\\/\",\"url\":\"https:\\\/\\\/tasarimlangirt.com\\\/index.php\\\/urun\\\/cam-tavla\\\/\",\"name\":\"Cam Tavla - Tasarimlangirt.com, &ouml;zel tasar\u0131m lang\u0131rt, bilardo, satran&ccedil; ve masa tenisi masalar\u0131yla l&uuml;ks oyun deneyimi sunuyor. El i\u015f&ccedil;ili\u011fi ve y&uuml;ksek kaliteyle &uuml;retilen masalar\u0131m\u0131zla ya\u015fam alanlar\u0131n\u0131z\u0131 \u015f\u0131kl\u0131kla bulu\u015fturun. Cam Tavla Tasarimlangirt.com, &ouml;zel tasar\u0131m lang\u0131rt, bilardo, satran&ccedil; ve masa tenisi masalar\u0131yla l&uuml;ks oyun deneyimi sunuyor. El i\u015f&ccedil;ili\u011fi ve y&uuml;ksek kaliteyle &uuml;retilen masalar\u0131m\u0131zla ya\u015fam alanlar\u0131n\u0131z\u0131 \u015f\u0131kl\u0131kla bulu\u015fturun.\",\"isPartOf\":{\"@id\":\"https:\\\/\\\/tasarimlangirt.com\\\/#website\"},\"primaryImageOfPage\":{\"@id\":\"https:\\\/\\\/tasarimlangirt.com\\\/index.php\\\/urun\\\/cam-tavla\\\/#primaryimage\"},\"image\":{\"@id\":\"https:\\\/\\\/tasarimlangirt.com\\\/index.php\\\/urun\\\/cam-tavla\\\/#primaryimage\"},\"thumbnailUrl\":\"https:\\\/\\\/tasarimlangirt.com\\\/wp-content\\\/uploads\\\/2025\\\/09\\\/cam-tavla-tasarim.jpg\",\"datePublished\":\"2025-09-30T04:34:18+00:00\",\"dateModified\":\"2025-09-30T04:39:42+00:00\",\"description\":\"By Trio \u00e7izgisiyle kristal dizayn tasarim cam tavla \u015fa\u015f\u0131rt\u0131c\u0131 derecede iddial\u0131 bir tasar\u0131mSaf \u015f\u0131kl\u0131\u011f\u0131 i\u015flevsellikle birle\u015ftirerek\",\"breadcrumb\":{\"@id\":\"https:\\\/\\\/tasarimlangirt.com\\\/index.php\\\/urun\\\/cam-tavla\\\/#breadcrumb\"},\"inLanguage\":\"tr\",\"potentialAction\":[{\"@type\":\"ReadAction\",\"target\":[\"https:\\\/\\\/tasarimlangirt.com\\\/index.php\\\/urun\\\/cam-tavla\\\/\"]}]},{\"@type\":\"ImageObject\",\"inLanguage\":\"tr\",\"@id\":\"https:\\\/\\\/tasarimlangirt.com\\\/index.php\\\/urun\\\/cam-tavla\\\/#primaryimage\",\"url\":\"https:\\\/\\\/tasarimlangirt.com\\\/wp-content\\\/uploads\\\/2025\\\/09\\\/cam-tavla-tasarim.jpg\",\"contentUrl\":\"https:\\\/\\\/tasarimlangirt.com\\\/wp-content\\\/uploads\\\/2025\\\/09\\\/cam-tavla-tasarim.jpg\",\"width\":1080,\"height\":1080},{\"@type\":\"BreadcrumbList\",\"@id\":\"https:\\\/\\\/tasarimlangirt.com\\\/index.php\\\/urun\\\/cam-tavla\\\/#breadcrumb\",\"itemListElement\":[{\"@type\":\"ListItem\",\"position\":1,\"name\":\"Anasayfa\",\"item\":\"https:\\\/\\\/tasarimlangirt.com\\\/\"},{\"@type\":\"ListItem\",\"position\":2,\"name\":\"Shop\",\"item\":\"https:\\\/\\\/tasarimlangirt.com\\\/index.php\\\/shop\\\/\"},{\"@type\":\"ListItem\",\"position\":3,\"name\":\"Cam Tavla\"}]},{\"@type\":\"WebSite\",\"@id\":\"https:\\\/\\\/tasarimlangirt.com\\\/#website\",\"url\":\"https:\\\/\\\/tasarimlangirt.com\\\/\",\"name\":\"www.tasarimlangirt.com\",\"description\":\"&ouml;zel tasar\u0131m lang\u0131rt \",\"publisher\":{\"@id\":\"https:\\\/\\\/tasarimlangirt.com\\\/#organization\"},\"potentialAction\":[{\"@type\":\"SearchAction\",\"target\":{\"@type\":\"EntryPoint\",\"urlTemplate\":\"https:\\\/\\\/tasarimlangirt.com\\\/?s={search_term_string}\"},\"query-input\":{\"@type\":\"PropertyValueSpecification\",\"valueRequired\":true,\"valueName\":\"search_term_string\"}}],\"inLanguage\":\"tr\"},{\"@type\":\"Organization\",\"@id\":\"https:\\\/\\\/tasarimlangirt.com\\\/#organization\",\"name\":\"t\",\"url\":\"https:\\\/\\\/tasarimlangirt.com\\\/\",\"logo\":{\"@type\":\"ImageObject\",\"inLanguage\":\"tr\",\"@id\":\"https:\\\/\\\/tasarimlangirt.com\\\/#\\\/schema\\\/logo\\\/image\\\/\",\"url\":\"https:\\\/\\\/tasarimlangirt.com\\\/wp-content\\\/uploads\\\/2025\\\/09\\\/ccc3a71f-dae2-4002-96e0-df7cc079e6f6.png\",\"contentUrl\":\"https:\\\/\\\/tasarimlangirt.com\\\/wp-content\\\/uploads\\\/2025\\\/09\\\/ccc3a71f-dae2-4002-96e0-df7cc079e6f6.png\",\"width\":1024,\"height\":1024,\"caption\":\"t\"},\"image\":{\"@id\":\"https:\\\/\\\/tasarimlangirt.com\\\/#\\\/schema\\\/logo\\\/image\\\/\"},\"sameAs\":[\"https:\\\/\\\/www.facebook.com\\\/tasarimlangirt\\\/?locale=tr_TR\",\"https:\\\/\\\/x.com\\\/tasarimlangirt\"]}]}<\/script>\n<!-- \/ Yoast SEO plugin. -->","yoast_head_json":{"title":"Cam Tavla - Tasarimlangirt.com, &ouml;zel tasar\u0131m lang\u0131rt, bilardo, satran&ccedil; ve masa tenisi masalar\u0131yla l&uuml;ks oyun deneyimi sunuyor. El i\u015f&ccedil;ili\u011fi ve y&uuml;ksek kaliteyle &uuml;retilen masalar\u0131m\u0131zla ya\u015fam alanlar\u0131n\u0131z\u0131 \u015f\u0131kl\u0131kla bulu\u015fturun. Cam Tavla Tasarimlangirt.com, &ouml;zel tasar\u0131m lang\u0131rt, bilardo, satran&ccedil; ve masa tenisi masalar\u0131yla l&uuml;ks oyun deneyimi sunuyor. El i\u015f&ccedil;ili\u011fi ve y&uuml;ksek kaliteyle &uuml;retilen masalar\u0131m\u0131zla ya\u015fam alanlar\u0131n\u0131z\u0131 \u015f\u0131kl\u0131kla bulu\u015fturun.","description":"By Trio \u00e7izgisiyle kristal dizayn tasarim cam tavla \u015fa\u015f\u0131rt\u0131c\u0131 derecede iddial\u0131 bir tasar\u0131mSaf \u015f\u0131kl\u0131\u011f\u0131 i\u015flevsellikle birle\u015ftirerek","robots":{"index":"index","follow":"follow","max-snippet":"max-snippet:-1","max-image-preview":"max-image-preview:large","max-video-preview":"max-video-preview:-1"},"canonical":"https:\/\/tasarimlangirt.com\/index.php\/urun\/cam-tavla\/","og_locale":"tr_TR","og_type":"article","og_title":"Cam Tavla - Tasarimlangirt.com, &ouml;zel tasar\u0131m lang\u0131rt, bilardo, satran&ccedil; ve masa tenisi masalar\u0131yla l&uuml;ks oyun deneyimi sunuyor. El i\u015f&ccedil;ili\u011fi ve y&uuml;ksek kaliteyle &uuml;retilen masalar\u0131m\u0131zla ya\u015fam alanlar\u0131n\u0131z\u0131 \u015f\u0131kl\u0131kla bulu\u015fturun. Cam Tavla Tasarimlangirt.com, &ouml;zel tasar\u0131m lang\u0131rt, bilardo, satran&ccedil; ve masa tenisi masalar\u0131yla l&uuml;ks oyun deneyimi sunuyor. El i\u015f&ccedil;ili\u011fi ve y&uuml;ksek kaliteyle &uuml;retilen masalar\u0131m\u0131zla ya\u015fam alanlar\u0131n\u0131z\u0131 \u015f\u0131kl\u0131kla bulu\u015fturun.","og_description":"By Trio \u00e7izgisiyle kristal dizayn tasarim cam tavla \u015fa\u015f\u0131rt\u0131c\u0131 derecede iddial\u0131 bir tasar\u0131mSaf \u015f\u0131kl\u0131\u011f\u0131 i\u015flevsellikle birle\u015ftirerek","og_url":"https:\/\/tasarimlangirt.com\/index.php\/urun\/cam-tavla\/","og_site_name":"Tasarimlangirt.com, &ouml;zel tasar\u0131m lang\u0131rt, bilardo, satran&ccedil; ve masa tenisi masalar\u0131yla l&uuml;ks oyun deneyimi sunuyor. El i\u015f&ccedil;ili\u011fi ve y&uuml;ksek kaliteyle &uuml;retilen masalar\u0131m\u0131zla ya\u015fam alanlar\u0131n\u0131z\u0131 \u015f\u0131kl\u0131kla bulu\u015fturun.","article_publisher":"https:\/\/www.facebook.com\/tasarimlangirt\/?locale=tr_TR","article_modified_time":"2025-09-30T04:39:42+00:00","og_image":[{"width":1080,"height":1080,"url":"https:\/\/tasarimlangirt.com\/wp-content\/uploads\/2025\/09\/cam-tavla-tasarim.jpg","type":"image\/jpeg"}],"twitter_card":"summary_large_image","twitter_site":"@tasarimlangirt","twitter_misc":{"Tahmini okuma s\u00fcresi":"1 dakika"},"schema":{"@context":"https:\/\/schema.org","@graph":[{"@type":"WebPage","@id":"https:\/\/tasarimlangirt.com\/index.php\/urun\/cam-tavla\/","url":"https:\/\/tasarimlangirt.com\/index.php\/urun\/cam-tavla\/","name":"Cam Tavla - Tasarimlangirt.com, &ouml;zel tasar\u0131m lang\u0131rt, bilardo, satran&ccedil; ve masa tenisi masalar\u0131yla l&uuml;ks oyun deneyimi sunuyor. El i\u015f&ccedil;ili\u011fi ve y&uuml;ksek kaliteyle &uuml;retilen masalar\u0131m\u0131zla ya\u015fam alanlar\u0131n\u0131z\u0131 \u015f\u0131kl\u0131kla bulu\u015fturun. Cam Tavla Tasarimlangirt.com, &ouml;zel tasar\u0131m lang\u0131rt, bilardo, satran&ccedil; ve masa tenisi masalar\u0131yla l&uuml;ks oyun deneyimi sunuyor. El i\u015f&ccedil;ili\u011fi ve y&uuml;ksek kaliteyle &uuml;retilen masalar\u0131m\u0131zla ya\u015fam alanlar\u0131n\u0131z\u0131 \u015f\u0131kl\u0131kla bulu\u015fturun.","isPartOf":{"@id":"https:\/\/tasarimlangirt.com\/#website"},"primaryImageOfPage":{"@id":"https:\/\/tasarimlangirt.com\/index.php\/urun\/cam-tavla\/#primaryimage"},"image":{"@id":"https:\/\/tasarimlangirt.com\/index.php\/urun\/cam-tavla\/#primaryimage"},"thumbnailUrl":"https:\/\/tasarimlangirt.com\/wp-content\/uploads\/2025\/09\/cam-tavla-tasarim.jpg","datePublished":"2025-09-30T04:34:18+00:00","dateModified":"2025-09-30T04:39:42+00:00","description":"By Trio \u00e7izgisiyle kristal dizayn tasarim cam tavla \u015fa\u015f\u0131rt\u0131c\u0131 derecede iddial\u0131 bir tasar\u0131mSaf \u015f\u0131kl\u0131\u011f\u0131 i\u015flevsellikle birle\u015ftirerek","breadcrumb":{"@id":"https:\/\/tasarimlangirt.com\/index.php\/urun\/cam-tavla\/#breadcrumb"},"inLanguage":"tr","potentialAction":[{"@type":"ReadAction","target":["https:\/\/tasarimlangirt.com\/index.php\/urun\/cam-tavla\/"]}]},{"@type":"ImageObject","inLanguage":"tr","@id":"https:\/\/tasarimlangirt.com\/index.php\/urun\/cam-tavla\/#primaryimage","url":"https:\/\/tasarimlangirt.com\/wp-content\/uploads\/2025\/09\/cam-tavla-tasarim.jpg","contentUrl":"https:\/\/tasarimlangirt.com\/wp-content\/uploads\/2025\/09\/cam-tavla-tasarim.jpg","width":1080,"height":1080},{"@type":"BreadcrumbList","@id":"https:\/\/tasarimlangirt.com\/index.php\/urun\/cam-tavla\/#breadcrumb","itemListElement":[{"@type":"ListItem","position":1,"name":"Anasayfa","item":"https:\/\/tasarimlangirt.com\/"},{"@type":"ListItem","position":2,"name":"Shop","item":"https:\/\/tasarimlangirt.com\/index.php\/shop\/"},{"@type":"ListItem","position":3,"name":"Cam Tavla"}]},{"@type":"WebSite","@id":"https:\/\/tasarimlangirt.com\/#website","url":"https:\/\/tasarimlangirt.com\/","name":"www.tasarimlangirt.com","description":"&ouml;zel tasar\u0131m lang\u0131rt ","publisher":{"@id":"https:\/\/tasarimlangirt.com\/#organization"},"potentialAction":[{"@type":"SearchAction","target":{"@type":"EntryPoint","urlTemplate":"https:\/\/tasarimlangirt.com\/?s={search_term_string}"},"query-input":{"@type":"PropertyValueSpecification","valueRequired":true,"valueName":"search_term_string"}}],"inLanguage":"tr"},{"@type":"Organization","@id":"https:\/\/tasarimlangirt.com\/#organization","name":"t","url":"https:\/\/tasarimlangirt.com\/","logo":{"@type":"ImageObject","inLanguage":"tr","@id":"https:\/\/tasarimlangirt.com\/#\/schema\/logo\/image\/","url":"https:\/\/tasarimlangirt.com\/wp-content\/uploads\/2025\/09\/ccc3a71f-dae2-4002-96e0-df7cc079e6f6.png","contentUrl":"https:\/\/tasarimlangirt.com\/wp-content\/uploads\/2025\/09\/ccc3a71f-dae2-4002-96e0-df7cc079e6f6.png","width":1024,"height":1024,"caption":"t"},"image":{"@id":"https:\/\/tasarimlangirt.com\/#\/schema\/logo\/image\/"},"sameAs":["https:\/\/www.facebook.com\/tasarimlangirt\/?locale=tr_TR","https:\/\/x.com\/tasarimlangirt"]}]}},"jetpack_sharing_enabled":true,"_links":{"self":[{"href":"https:\/\/tasarimlangirt.com\/index.php\/wp-json\/wp\/v2\/product\/3782","targetHints":{"allow":["GET"]}}],"collection":[{"href":"https:\/\/tasarimlangirt.com\/index.php\/wp-json\/wp\/v2\/product"}],"about":[{"href":"https:\/\/tasarimlangirt.com\/index.php\/wp-json\/wp\/v2\/types\/product"}],"replies":[{"embeddable":true,"href":"https:\/\/tasarimlangirt.com\/index.php\/wp-json\/wp\/v2\/comments?post=3782"}],"wp:featuredmedia":[{"embeddable":true,"href":"https:\/\/tasarimlangirt.com\/index.php\/wp-json\/wp\/v2\/media\/3784"}],"wp:attachment":[{"href":"https:\/\/tasarimlangirt.com\/index.php\/wp-json\/wp\/v2\/media?parent=3782"}],"wp:term":[{"taxonomy":"product_brand","embeddable":true,"href":"https:\/\/tasarimlangirt.com\/index.php\/wp-json\/wp\/v2\/product_brand?post=3782"},{"taxonomy":"product_cat","embeddable":true,"href":"https:\/\/tasarimlangirt.com\/index.php\/wp-json\/wp\/v2\/product_cat?post=3782"},{"taxonomy":"product_tag","embeddable":true,"href":"https:\/\/tasarimlangirt.com\/index.php\/wp-json\/wp\/v2\/product_tag?post=3782"}],"curies":[{"name":"wp","href":"https:\/\/api.w.org\/{rel}","templated":true}]}}