{"id":3375,"date":"2025-09-09T12:18:37","date_gmt":"2025-09-09T12:18:37","guid":{"rendered":"https:\/\/tasarimlangirt.com\/?page_id=3375"},"modified":"2025-09-09T12:22:31","modified_gmt":"2025-09-09T12:22:31","slug":"kvk-gizlilik-politikasi","status":"publish","type":"page","link":"https:\/\/tasarimlangirt.com\/index.php\/kvk-gizlilik-politikasi\/","title":{"rendered":"Kvk Gizlilik Politikas\u0131"},"content":{"rendered":"\t\t<div data-elementor-type=\"wp-page\" data-elementor-id=\"3375\" class=\"elementor elementor-3375\">\n\t\t\t\t<div class=\"elementor-element elementor-element-756c30f e-flex e-con-boxed tmpcoder-jarallax-no tmpcoder-parallax-no tmpcoder-particle-no tmpcoder-sticky-section-no e-con e-parent\" data-id=\"756c30f\" data-element_type=\"container\" data-e-type=\"container\">\n\t\t\t\t\t<div class=\"e-con-inner\">\n\t\t\t\t<div class=\"elementor-element elementor-element-f92fe16 elementor-widget elementor-widget-text-editor\" data-id=\"f92fe16\" data-element_type=\"widget\" data-e-type=\"widget\" data-widget_type=\"text-editor.default\">\n\t\t\t\t\t\t\t\t\t<h2 data-start=\"217\" data-end=\"270\">Ki\u015fisel Verilerin Korunmas\u0131 ve Gizlilik Politikas\u0131<\/h2><p data-start=\"272\" data-end=\"462\">Tasar\u0131m Lang\u0131rt olarak, 6698 say\u0131l\u0131 Ki\u015fisel Verilerin Korunmas\u0131 Kanunu (\u201cKVKK\u201d) kapsam\u0131nda, kullan\u0131c\u0131 ve m\u00fc\u015fterilerimizin ki\u015fisel verilerinin gizlili\u011fine ve g\u00fcvenli\u011fine b\u00fcy\u00fck \u00f6nem veriyoruz.<\/p><p data-start=\"464\" data-end=\"675\">Bu sayfa, <a class=\"decorated-link cursor-pointer\" target=\"_new\" rel=\"noopener\" data-start=\"474\" data-end=\"496\">www.tasarimlangirt.com<\/a> adresini ziyaret eden kullan\u0131c\u0131lar\u0131n ki\u015fisel verilerinin hangi ama\u00e7larla topland\u0131\u011f\u0131n\u0131, nas\u0131l i\u015flendi\u011fini, kimlerle payla\u015f\u0131ld\u0131\u011f\u0131n\u0131 ve sahip oldu\u011funuz yasal haklar\u0131 a\u00e7\u0131klamaktad\u0131r.<\/p><hr data-start=\"677\" data-end=\"680\" \/><h3 data-start=\"682\" data-end=\"713\">1. Toplanan Ki\u015fisel Veriler<\/h3><p data-start=\"715\" data-end=\"811\">Web sitemiz \u00fczerinden hizmetlerimizden yararland\u0131\u011f\u0131n\u0131zda a\u015fa\u011f\u0131daki ki\u015fisel veriler toplanabilir:<\/p><ul data-start=\"813\" data-end=\"1030\"><li data-start=\"813\" data-end=\"826\"><p data-start=\"815\" data-end=\"826\">Ad, soyad<\/p><\/li><li data-start=\"827\" data-end=\"880\"><p data-start=\"829\" data-end=\"880\">Telefon numaras\u0131, e-posta adresi, teslimat adresi<\/p><\/li><li data-start=\"881\" data-end=\"910\"><p data-start=\"883\" data-end=\"910\">\u00d6deme ve fatura bilgileri<\/p><\/li><li data-start=\"911\" data-end=\"976\"><p data-start=\"913\" data-end=\"976\">IP adresi, \u00e7erez (cookie) verileri ve site kullan\u0131m bilgileri<\/p><\/li><li data-start=\"977\" data-end=\"1030\"><p data-start=\"979\" data-end=\"1030\">(\u00dcyelik halinde) kullan\u0131c\u0131 ad\u0131 ve \u015fifre bilgileri<\/p><\/li><\/ul><hr data-start=\"1032\" data-end=\"1035\" \/><h3 data-start=\"1037\" data-end=\"1078\">2. Ki\u015fisel Verilerin \u0130\u015flenme Ama\u00e7lar\u0131<\/h3><p data-start=\"1080\" data-end=\"1143\">Toplanan ki\u015fisel verileriniz a\u015fa\u011f\u0131daki ama\u00e7larla i\u015flenmektedir:<\/p><ul data-start=\"1145\" data-end=\"1464\"><li data-start=\"1145\" data-end=\"1200\"><p data-start=\"1147\" data-end=\"1200\">Sipari\u015f ve teslimat i\u015flemlerinin ger\u00e7ekle\u015ftirilmesi<\/p><\/li><li data-start=\"1201\" data-end=\"1258\"><p data-start=\"1203\" data-end=\"1258\">M\u00fc\u015fteri hizmetleri ve sat\u0131\u015f sonras\u0131 destek sa\u011flanmas\u0131<\/p><\/li><li data-start=\"1259\" data-end=\"1301\"><p data-start=\"1261\" data-end=\"1301\">\u00dcyelik olu\u015fturulmas\u0131 ve hesap y\u00f6netimi<\/p><\/li><li data-start=\"1302\" data-end=\"1391\"><p data-start=\"1304\" data-end=\"1391\">Kampanya, promosyon ve bilgilendirme i\u00e7eriklerinin iletilmesi (onay vermeniz halinde)<\/p><\/li><li data-start=\"1392\" data-end=\"1464\"><p data-start=\"1394\" data-end=\"1464\">\u0130lgili mevzuat kapsam\u0131ndaki yasal y\u00fck\u00fcml\u00fcl\u00fcklerin yerine getirilmesi<\/p><\/li><\/ul><hr data-start=\"1466\" data-end=\"1469\" \/><h3 data-start=\"1471\" data-end=\"1505\">3. Ki\u015fisel Verilerin Payla\u015f\u0131m\u0131<\/h3><p data-start=\"1507\" data-end=\"1653\">Ki\u015fisel verileriniz, sadece yukar\u0131daki ama\u00e7lar\u0131n ger\u00e7ekle\u015ftirilebilmesi i\u00e7in ve KVKK h\u00fck\u00fcmlerine uygun olarak a\u015fa\u011f\u0131daki taraflarla payla\u015f\u0131labilir:<\/p><ul data-start=\"1655\" data-end=\"1808\"><li data-start=\"1655\" data-end=\"1686\"><p data-start=\"1657\" data-end=\"1686\">Kargo ve lojistik firmalar\u0131<\/p><\/li><li data-start=\"1687\" data-end=\"1743\"><p data-start=\"1689\" data-end=\"1743\">\u00d6deme altyap\u0131s\u0131 sa\u011flay\u0131c\u0131lar\u0131 (banka, sanal POS vb.)<\/p><\/li><li data-start=\"1744\" data-end=\"1808\"><p data-start=\"1746\" data-end=\"1808\">Yasal y\u00fck\u00fcml\u00fcl\u00fckler gere\u011fi yetkili kamu kurum ve kurulu\u015flar\u0131<\/p><\/li><\/ul><hr data-start=\"1810\" data-end=\"1813\" \/><h3 data-start=\"1815\" data-end=\"1836\">4. Veri G\u00fcvenli\u011fi<\/h3><p data-start=\"1838\" data-end=\"2006\">Ki\u015fisel verilerinizin g\u00fcvenli\u011fi i\u00e7in gerekli teknik ve idari t\u00fcm \u00f6nlemleri al\u0131yoruz. Verileriniz, yetkisiz eri\u015fime, k\u00f6t\u00fcye kullan\u0131ma veya kayba kar\u015f\u0131 koruma alt\u0131ndad\u0131r.<\/p><hr data-start=\"2008\" data-end=\"2011\" \/><h3 data-start=\"2013\" data-end=\"2046\">5. KVKK Kapsam\u0131nda Haklar\u0131n\u0131z<\/h3><p data-start=\"2048\" data-end=\"2094\">KVKK\u2019n\u0131n 11. maddesi uyar\u0131nca bize ba\u015fvurarak;<\/p><ul data-start=\"2096\" data-end=\"2743\"><li data-start=\"2096\" data-end=\"2151\"><p data-start=\"2098\" data-end=\"2151\">Ki\u015fisel verilerinizin i\u015flenip i\u015flenmedi\u011fini \u00f6\u011frenme<\/p><\/li><li data-start=\"2152\" data-end=\"2196\"><p data-start=\"2154\" data-end=\"2196\">\u0130\u015flenmi\u015fse buna ili\u015fkin bilgi talep etme<\/p><\/li><li data-start=\"2197\" data-end=\"2286\"><p data-start=\"2199\" data-end=\"2286\">Verilerin hangi ama\u00e7la i\u015flendi\u011fini ve amaca uygun kullan\u0131l\u0131p kullan\u0131lmad\u0131\u011f\u0131n\u0131 \u00f6\u011frenme<\/p><\/li><li data-start=\"2287\" data-end=\"2352\"><p data-start=\"2289\" data-end=\"2352\">Yurt i\u00e7inde veya yurt d\u0131\u015f\u0131nda aktar\u0131ld\u0131\u011f\u0131 3. ki\u015fileri \u00f6\u011frenme<\/p><\/li><li data-start=\"2353\" data-end=\"2416\"><p data-start=\"2355\" data-end=\"2416\">Eksik ya da yanl\u0131\u015f i\u015flenmi\u015f verilerin d\u00fczeltilmesini isteme<\/p><\/li><li data-start=\"2417\" data-end=\"2495\"><p data-start=\"2419\" data-end=\"2495\">KVKK\u2019ya uygun \u015fekilde verilerin silinmesini veya yok edilmesini talep etme<\/p><\/li><li data-start=\"2496\" data-end=\"2574\"><p data-start=\"2498\" data-end=\"2574\">Bu i\u015flemlerin, verilerin aktar\u0131ld\u0131\u011f\u0131 \u00fc\u00e7\u00fcnc\u00fc ki\u015filere bildirilmesini isteme<\/p><\/li><li data-start=\"2575\" data-end=\"2652\"><p data-start=\"2577\" data-end=\"2652\">Otomatik sistemlerle analiz sonucu aleyhinize \u00e7\u0131kan sonu\u00e7lara itiraz etme<\/p><\/li><li data-start=\"2653\" data-end=\"2743\"><p data-start=\"2655\" data-end=\"2743\">Kanuna ayk\u0131r\u0131 i\u015fleme nedeniyle zarara u\u011frarsan\u0131z, zarar\u0131n\u0131z\u0131n giderilmesini talep etme<\/p><\/li><\/ul><p data-start=\"2745\" data-end=\"2766\">haklar\u0131na sahipsiniz.<\/p><hr data-start=\"2768\" data-end=\"2771\" \/><h3 data-start=\"2773\" data-end=\"2788\">6. \u0130leti\u015fim<\/h3><p data-start=\"2790\" data-end=\"2896\">Ki\u015fisel verilerinizle ilgili t\u00fcm talepleriniz i\u00e7in bizimle a\u015fa\u011f\u0131daki kanallardan ileti\u015fime ge\u00e7ebilirsiniz:<\/p><p data-start=\"2898\" data-end=\"2999\"><strong data-start=\"2898\" data-end=\"2917\">Tasar\u0131m Lang\u0131rt<\/strong><br data-start=\"2917\" data-end=\"2920\" \/>\ud83d\udccd \u0130stanbul, T\u00fcrkiye<br data-start=\"2940\" data-end=\"2943\" \/>\ud83d\udce7 <a class=\"decorated-link cursor-pointer\" rel=\"noopener\" data-start=\"2946\" data-end=\"2969\">info@tasarimlangirt.com<\/a><br data-start=\"2969\" data-end=\"2972\" \/>\ud83c\udf10 <a class=\"decorated-link cursor-pointer\" target=\"_new\" rel=\"noopener\" data-start=\"2975\" data-end=\"2997\">www.tasarimlangirt.com<\/a><\/p>\t\t\t\t\t\t\t\t<\/div>\n\t\t\t\t\t<\/div>\n\t\t\t\t<\/div>\n\t\t\t\t<\/div>\n\t\t","protected":false},"excerpt":{"rendered":"<p>Ki\u015fisel Verilerin Korunmas\u0131 ve Gizlilik Politikas\u0131 Tasar\u0131m Lang\u0131rt olarak, 6698 say\u0131l\u0131 Ki\u015fisel Verilerin Korunmas\u0131 Kanunu (\u201cKVKK\u201d) kapsam\u0131nda, kullan\u0131c\u0131 ve m\u00fc\u015fterilerimizin ki\u015fisel verilerinin gizlili\u011fine ve g\u00fcvenli\u011fine b\u00fcy\u00fck \u00f6nem veriyoruz. Bu sayfa, www.tasarimlangirt.com adresini ziyaret eden kullan\u0131c\u0131lar\u0131n ki\u015fisel verilerinin hangi ama\u00e7larla topland\u0131\u011f\u0131n\u0131, nas\u0131l i\u015flendi\u011fini, kimlerle payla\u015f\u0131ld\u0131\u011f\u0131n\u0131 ve sahip oldu\u011funuz yasal haklar\u0131 a\u00e7\u0131klamaktad\u0131r. 1. Toplanan Ki\u015fisel Veriler Web [&hellip;]<\/p>\n","protected":false},"author":1,"featured_media":0,"parent":0,"menu_order":0,"comment_status":"closed","ping_status":"closed","template":"","meta":{"footnotes":""},"class_list":["post-3375","page","type-page","status-publish","hentry"],"yoast_head":"<!-- This site is optimized with the Yoast SEO plugin v27.4 - https:\/\/yoast.com\/product\/yoast-seo-wordpress\/ -->\n<title>Kvk Gizlilik Politikas\u0131 - Tasarimlangirt.com, &ouml;zel tasar\u0131m lang\u0131rt, bilardo, satran&ccedil; ve masa tenisi masalar\u0131yla l&uuml;ks oyun deneyimi sunuyor. El i\u015f&ccedil;ili\u011fi ve y&uuml;ksek kaliteyle &uuml;retilen masalar\u0131m\u0131zla ya\u015fam alanlar\u0131n\u0131z\u0131 \u015f\u0131kl\u0131kla bulu\u015fturun.<\/title>\n<meta name=\"description\" content=\"Kvk Gizlilik Politikas\u0131 Tasarim langirt sitesi\" \/>\n<meta name=\"robots\" content=\"index, follow, max-snippet:-1, max-image-preview:large, max-video-preview:-1\" \/>\n<link rel=\"canonical\" href=\"https:\/\/tasarimlangirt.com\/index.php\/kvk-gizlilik-politikasi\/\" \/>\n<meta property=\"og:locale\" content=\"tr_TR\" \/>\n<meta property=\"og:type\" content=\"article\" \/>\n<meta property=\"og:title\" content=\"Kvk Gizlilik Politikas\u0131 - Tasarimlangirt.com, &ouml;zel tasar\u0131m lang\u0131rt, bilardo, satran&ccedil; ve masa tenisi masalar\u0131yla l&uuml;ks oyun deneyimi sunuyor. El i\u015f&ccedil;ili\u011fi ve y&uuml;ksek kaliteyle &uuml;retilen masalar\u0131m\u0131zla ya\u015fam alanlar\u0131n\u0131z\u0131 \u015f\u0131kl\u0131kla bulu\u015fturun.\" \/>\n<meta property=\"og:description\" content=\"Kvk Gizlilik Politikas\u0131 Tasarim langirt sitesi\" \/>\n<meta property=\"og:url\" content=\"https:\/\/tasarimlangirt.com\/index.php\/kvk-gizlilik-politikasi\/\" \/>\n<meta property=\"og:site_name\" content=\"Tasarimlangirt.com, &ouml;zel tasar\u0131m lang\u0131rt, bilardo, satran&ccedil; ve masa tenisi masalar\u0131yla l&uuml;ks oyun deneyimi sunuyor. El i\u015f&ccedil;ili\u011fi ve y&uuml;ksek kaliteyle &uuml;retilen masalar\u0131m\u0131zla ya\u015fam alanlar\u0131n\u0131z\u0131 \u015f\u0131kl\u0131kla bulu\u015fturun.\" \/>\n<meta property=\"article:publisher\" content=\"https:\/\/www.facebook.com\/tasarimlangirt\/?locale=tr_TR\" \/>\n<meta property=\"article:modified_time\" content=\"2025-09-09T12:22:31+00:00\" \/>\n<meta name=\"twitter:card\" content=\"summary_large_image\" \/>\n<meta name=\"twitter:site\" content=\"@tasarimlangirt\" \/>\n<meta name=\"twitter:label1\" content=\"Tahmini okuma s\u00fcresi\" \/>\n\t<meta name=\"twitter:data1\" content=\"3 dakika\" \/>\n<script type=\"application\/ld+json\" class=\"yoast-schema-graph\">{\"@context\":\"https:\\\/\\\/schema.org\",\"@graph\":[{\"@type\":\"WebPage\",\"@id\":\"https:\\\/\\\/tasarimlangirt.com\\\/index.php\\\/kvk-gizlilik-politikasi\\\/\",\"url\":\"https:\\\/\\\/tasarimlangirt.com\\\/index.php\\\/kvk-gizlilik-politikasi\\\/\",\"name\":\"Kvk Gizlilik Politikas\u0131 - Tasarimlangirt.com, &ouml;zel tasar\u0131m lang\u0131rt, bilardo, satran&ccedil; ve masa tenisi masalar\u0131yla l&uuml;ks oyun deneyimi sunuyor. El i\u015f&ccedil;ili\u011fi ve y&uuml;ksek kaliteyle &uuml;retilen masalar\u0131m\u0131zla ya\u015fam alanlar\u0131n\u0131z\u0131 \u015f\u0131kl\u0131kla bulu\u015fturun.\",\"isPartOf\":{\"@id\":\"https:\\\/\\\/tasarimlangirt.com\\\/#website\"},\"datePublished\":\"2025-09-09T12:18:37+00:00\",\"dateModified\":\"2025-09-09T12:22:31+00:00\",\"description\":\"Kvk Gizlilik Politikas\u0131 Tasarim langirt sitesi\",\"breadcrumb\":{\"@id\":\"https:\\\/\\\/tasarimlangirt.com\\\/index.php\\\/kvk-gizlilik-politikasi\\\/#breadcrumb\"},\"inLanguage\":\"tr\",\"potentialAction\":[{\"@type\":\"ReadAction\",\"target\":[\"https:\\\/\\\/tasarimlangirt.com\\\/index.php\\\/kvk-gizlilik-politikasi\\\/\"]}]},{\"@type\":\"BreadcrumbList\",\"@id\":\"https:\\\/\\\/tasarimlangirt.com\\\/index.php\\\/kvk-gizlilik-politikasi\\\/#breadcrumb\",\"itemListElement\":[{\"@type\":\"ListItem\",\"position\":1,\"name\":\"Anasayfa\",\"item\":\"https:\\\/\\\/tasarimlangirt.com\\\/\"},{\"@type\":\"ListItem\",\"position\":2,\"name\":\"Kvk Gizlilik Politikas\u0131\"}]},{\"@type\":\"WebSite\",\"@id\":\"https:\\\/\\\/tasarimlangirt.com\\\/#website\",\"url\":\"https:\\\/\\\/tasarimlangirt.com\\\/\",\"name\":\"www.tasarimlangirt.com\",\"description\":\"&ouml;zel tasar\u0131m lang\u0131rt \",\"publisher\":{\"@id\":\"https:\\\/\\\/tasarimlangirt.com\\\/#organization\"},\"potentialAction\":[{\"@type\":\"SearchAction\",\"target\":{\"@type\":\"EntryPoint\",\"urlTemplate\":\"https:\\\/\\\/tasarimlangirt.com\\\/?s={search_term_string}\"},\"query-input\":{\"@type\":\"PropertyValueSpecification\",\"valueRequired\":true,\"valueName\":\"search_term_string\"}}],\"inLanguage\":\"tr\"},{\"@type\":\"Organization\",\"@id\":\"https:\\\/\\\/tasarimlangirt.com\\\/#organization\",\"name\":\"t\",\"url\":\"https:\\\/\\\/tasarimlangirt.com\\\/\",\"logo\":{\"@type\":\"ImageObject\",\"inLanguage\":\"tr\",\"@id\":\"https:\\\/\\\/tasarimlangirt.com\\\/#\\\/schema\\\/logo\\\/image\\\/\",\"url\":\"https:\\\/\\\/tasarimlangirt.com\\\/wp-content\\\/uploads\\\/2025\\\/09\\\/ccc3a71f-dae2-4002-96e0-df7cc079e6f6.png\",\"contentUrl\":\"https:\\\/\\\/tasarimlangirt.com\\\/wp-content\\\/uploads\\\/2025\\\/09\\\/ccc3a71f-dae2-4002-96e0-df7cc079e6f6.png\",\"width\":1024,\"height\":1024,\"caption\":\"t\"},\"image\":{\"@id\":\"https:\\\/\\\/tasarimlangirt.com\\\/#\\\/schema\\\/logo\\\/image\\\/\"},\"sameAs\":[\"https:\\\/\\\/www.facebook.com\\\/tasarimlangirt\\\/?locale=tr_TR\",\"https:\\\/\\\/x.com\\\/tasarimlangirt\"]}]}<\/script>\n<!-- \/ Yoast SEO plugin. -->","yoast_head_json":{"title":"Kvk Gizlilik Politikas\u0131 - Tasarimlangirt.com, &ouml;zel tasar\u0131m lang\u0131rt, bilardo, satran&ccedil; ve masa tenisi masalar\u0131yla l&uuml;ks oyun deneyimi sunuyor. El i\u015f&ccedil;ili\u011fi ve y&uuml;ksek kaliteyle &uuml;retilen masalar\u0131m\u0131zla ya\u015fam alanlar\u0131n\u0131z\u0131 \u015f\u0131kl\u0131kla bulu\u015fturun.","description":"Kvk Gizlilik Politikas\u0131 Tasarim langirt sitesi","robots":{"index":"index","follow":"follow","max-snippet":"max-snippet:-1","max-image-preview":"max-image-preview:large","max-video-preview":"max-video-preview:-1"},"canonical":"https:\/\/tasarimlangirt.com\/index.php\/kvk-gizlilik-politikasi\/","og_locale":"tr_TR","og_type":"article","og_title":"Kvk Gizlilik Politikas\u0131 - Tasarimlangirt.com, &ouml;zel tasar\u0131m lang\u0131rt, bilardo, satran&ccedil; ve masa tenisi masalar\u0131yla l&uuml;ks oyun deneyimi sunuyor. El i\u015f&ccedil;ili\u011fi ve y&uuml;ksek kaliteyle &uuml;retilen masalar\u0131m\u0131zla ya\u015fam alanlar\u0131n\u0131z\u0131 \u015f\u0131kl\u0131kla bulu\u015fturun.","og_description":"Kvk Gizlilik Politikas\u0131 Tasarim langirt sitesi","og_url":"https:\/\/tasarimlangirt.com\/index.php\/kvk-gizlilik-politikasi\/","og_site_name":"Tasarimlangirt.com, &ouml;zel tasar\u0131m lang\u0131rt, bilardo, satran&ccedil; ve masa tenisi masalar\u0131yla l&uuml;ks oyun deneyimi sunuyor. El i\u015f&ccedil;ili\u011fi ve y&uuml;ksek kaliteyle &uuml;retilen masalar\u0131m\u0131zla ya\u015fam alanlar\u0131n\u0131z\u0131 \u015f\u0131kl\u0131kla bulu\u015fturun.","article_publisher":"https:\/\/www.facebook.com\/tasarimlangirt\/?locale=tr_TR","article_modified_time":"2025-09-09T12:22:31+00:00","twitter_card":"summary_large_image","twitter_site":"@tasarimlangirt","twitter_misc":{"Tahmini okuma s\u00fcresi":"3 dakika"},"schema":{"@context":"https:\/\/schema.org","@graph":[{"@type":"WebPage","@id":"https:\/\/tasarimlangirt.com\/index.php\/kvk-gizlilik-politikasi\/","url":"https:\/\/tasarimlangirt.com\/index.php\/kvk-gizlilik-politikasi\/","name":"Kvk Gizlilik Politikas\u0131 - Tasarimlangirt.com, &ouml;zel tasar\u0131m lang\u0131rt, bilardo, satran&ccedil; ve masa tenisi masalar\u0131yla l&uuml;ks oyun deneyimi sunuyor. El i\u015f&ccedil;ili\u011fi ve y&uuml;ksek kaliteyle &uuml;retilen masalar\u0131m\u0131zla ya\u015fam alanlar\u0131n\u0131z\u0131 \u015f\u0131kl\u0131kla bulu\u015fturun.","isPartOf":{"@id":"https:\/\/tasarimlangirt.com\/#website"},"datePublished":"2025-09-09T12:18:37+00:00","dateModified":"2025-09-09T12:22:31+00:00","description":"Kvk Gizlilik Politikas\u0131 Tasarim langirt sitesi","breadcrumb":{"@id":"https:\/\/tasarimlangirt.com\/index.php\/kvk-gizlilik-politikasi\/#breadcrumb"},"inLanguage":"tr","potentialAction":[{"@type":"ReadAction","target":["https:\/\/tasarimlangirt.com\/index.php\/kvk-gizlilik-politikasi\/"]}]},{"@type":"BreadcrumbList","@id":"https:\/\/tasarimlangirt.com\/index.php\/kvk-gizlilik-politikasi\/#breadcrumb","itemListElement":[{"@type":"ListItem","position":1,"name":"Anasayfa","item":"https:\/\/tasarimlangirt.com\/"},{"@type":"ListItem","position":2,"name":"Kvk Gizlilik Politikas\u0131"}]},{"@type":"WebSite","@id":"https:\/\/tasarimlangirt.com\/#website","url":"https:\/\/tasarimlangirt.com\/","name":"www.tasarimlangirt.com","description":"&ouml;zel tasar\u0131m lang\u0131rt ","publisher":{"@id":"https:\/\/tasarimlangirt.com\/#organization"},"potentialAction":[{"@type":"SearchAction","target":{"@type":"EntryPoint","urlTemplate":"https:\/\/tasarimlangirt.com\/?s={search_term_string}"},"query-input":{"@type":"PropertyValueSpecification","valueRequired":true,"valueName":"search_term_string"}}],"inLanguage":"tr"},{"@type":"Organization","@id":"https:\/\/tasarimlangirt.com\/#organization","name":"t","url":"https:\/\/tasarimlangirt.com\/","logo":{"@type":"ImageObject","inLanguage":"tr","@id":"https:\/\/tasarimlangirt.com\/#\/schema\/logo\/image\/","url":"https:\/\/tasarimlangirt.com\/wp-content\/uploads\/2025\/09\/ccc3a71f-dae2-4002-96e0-df7cc079e6f6.png","contentUrl":"https:\/\/tasarimlangirt.com\/wp-content\/uploads\/2025\/09\/ccc3a71f-dae2-4002-96e0-df7cc079e6f6.png","width":1024,"height":1024,"caption":"t"},"image":{"@id":"https:\/\/tasarimlangirt.com\/#\/schema\/logo\/image\/"},"sameAs":["https:\/\/www.facebook.com\/tasarimlangirt\/?locale=tr_TR","https:\/\/x.com\/tasarimlangirt"]}]}},"jetpack_sharing_enabled":true,"_links":{"self":[{"href":"https:\/\/tasarimlangirt.com\/index.php\/wp-json\/wp\/v2\/pages\/3375","targetHints":{"allow":["GET"]}}],"collection":[{"href":"https:\/\/tasarimlangirt.com\/index.php\/wp-json\/wp\/v2\/pages"}],"about":[{"href":"https:\/\/tasarimlangirt.com\/index.php\/wp-json\/wp\/v2\/types\/page"}],"author":[{"embeddable":true,"href":"https:\/\/tasarimlangirt.com\/index.php\/wp-json\/wp\/v2\/users\/1"}],"replies":[{"embeddable":true,"href":"https:\/\/tasarimlangirt.com\/index.php\/wp-json\/wp\/v2\/comments?post=3375"}],"version-history":[{"count":4,"href":"https:\/\/tasarimlangirt.com\/index.php\/wp-json\/wp\/v2\/pages\/3375\/revisions"}],"predecessor-version":[{"id":3381,"href":"https:\/\/tasarimlangirt.com\/index.php\/wp-json\/wp\/v2\/pages\/3375\/revisions\/3381"}],"wp:attachment":[{"href":"https:\/\/tasarimlangirt.com\/index.php\/wp-json\/wp\/v2\/media?parent=3375"}],"curies":[{"name":"wp","href":"https:\/\/api.w.org\/{rel}","templated":true}]}}